{"id":11357,"date":"2019-11-13T08:04:11","date_gmt":"2019-11-13T07:04:11","guid":{"rendered":"https:\/\/waysup.eu\/loesungen-fuer-kmu\/unsere-partner\/"},"modified":"2019-12-04T13:03:45","modified_gmt":"2019-12-04T12:03:45","slug":"unsere-partner","status":"publish","type":"page","link":"https:\/\/waysup.ma\/de\/unsere-partner\/","title":{"rendered":"Unsere Partner"},"content":{"rendered":"<h1>Unsere Partner<\/h1>\n<h3>WaysUp als Sage Skills Centre hat eine starke Partnerschaft mit dem Verlag geschmiedet.<\/h3>\n<p><strong>SAGE:<\/strong> Zweifellos der f\u00fchrende Verlag f\u00fcr Managementl\u00f6sungen f\u00fcr KMU, bringt es mit all seinen Angeboten sowohl die Antwort auf die funktionalen Bed\u00fcrfnisse von Unternehmen als auch die von den Nutzern gew\u00fcnschte Nachhaltigkeit.<\/p>\n<p>Zus\u00e4tzlich zu diesem Herausgeber hat WaysUp verwandte L\u00f6sungen zur Bereicherung von Sage-Anwendungen geschnitten.<\/p>\n<p>\t\t\t\t\t\t\t\t\t\t\t<a href=\"https:\/\/waysup.eu\/wp-content\/uploads\/2018\/07\/CCS-PME.jpg\" data-elementor-open-lightbox=\"default\"><br \/>\n\t\t\t\t\t\t\t<img fetchpriority=\"high\" decoding=\"async\" width=\"500\" height=\"500\" src=\"https:\/\/waysup.eu\/wp-content\/uploads\/2018\/07\/CCS-PME.jpg\" alt=\"\" srcset=\"https:\/\/waysup.eu\/wp-content\/uploads\/2018\/07\/CCS-PME.jpg 500w, https:\/\/waysup.eu\/wp-content\/uploads\/2018\/07\/CCS-PME-150x150.jpg 150w, https:\/\/waysup.eu\/wp-content\/uploads\/2018\/07\/CCS-PME-300x300.jpg 300w\" sizes=\"(max-width: 500px) 100vw, 500px\" \/>\t\t\t\t\t\t\t\t<\/a><\/p>\n<p>WaysUp hat die h\u00f6chste Akkreditierung, die der Verlag an Wiederverk\u00e4ufer von Sage-L\u00f6sungen f\u00fcr KMU vergeben hat<\/p>\n<p>Diese Kennzeichnung erfordert den Erwerb technischer Zertifizierungen f\u00fcr Die Kernsortimentssoftware von Sage.<\/p>\n<p>Unsere Berater, die diese Zertifizierungen haben, begleiten Sie in allen Ihren Management-Projekten durch Audits, Schulungen, Einstellungen und Assistenzmissionen.<\/p>\n<p>Unser Sage Support Center zeigt unsere Investitionen und unser Know-how in Managementl\u00f6sungen.<\/p>\n<h2>Ein Etikett f\u00fcr eine h\u00f6here Servicequalit\u00e4t<\/h2>\n<h5>WaysUp weist allen Seinen Partnern zwei Labels zu, die seinen Kunden garantieren:<\/h5>\n<ul>\n<li style=\"line-height: 2.5;\">die von WaysUp angebotenen L\u00f6sungen zu erg\u00e4nzen,<\/li>\n<li style=\"line-height: 2.5;\">Haben Sie eine Schnittstelle mit Sage-L\u00f6sungen,<\/li>\n<li style=\"line-height: 2.5;\">eine Preispositionierung in Bezug auf das von Sage vorgeschlagene Angebot zu haben,<\/li>\n<li style=\"line-height: 2.5;\">haben mindestens 3 Referenzen mit einer Schnittstelle auf The Solutions Offered by WaysUp<\/li>\n<\/ul>\n<p id=\"ptext\" style=\"line-height: 2.5;\">Die Partner von WaysUp sind in mehrere Kategorien eingeteilt (Technologie, Unternehmensverlage, Dienstleistungen, Finanzen usw.).<\/p>\n<p>\t\t\t\t\t\t\t\t\t\t\t<a href=\"https:\/\/waysup.eu\/wp-content\/uploads\/2018\/02\/partenaire-confiance.png\" data-elementor-open-lightbox=\"default\"><br \/>\n\t\t\t\t\t\t\t<img decoding=\"async\" width=\"800\" height=\"800\" src=\"https:\/\/waysup.eu\/wp-content\/uploads\/2018\/02\/partenaire-confiance.png\" alt=\"vertrauensw\u00fcrdiger Partner\" srcset=\"https:\/\/waysup.eu\/wp-content\/uploads\/2018\/02\/partenaire-confiance.png 800w, https:\/\/waysup.eu\/wp-content\/uploads\/2018\/02\/partenaire-confiance-150x150.png 150w, https:\/\/waysup.eu\/wp-content\/uploads\/2018\/02\/partenaire-confiance-300x300.png 300w, https:\/\/waysup.eu\/wp-content\/uploads\/2018\/02\/partenaire-confiance-768x768.png 768w\" sizes=\"(max-width: 800px) 100vw, 800px\" \/>\t\t\t\t\t\t\t\t<\/a><\/p>\n<h3>Teil der L\u00f6sungen von WaysUp<\/h3>\n<p>Das Trust-Label wird an die Partner vergeben, deren WaysUp das gesamte Projekt verwaltet.<\/p>\n<p>Es bezieht sich auf die L\u00f6sungen oder Spieler, f\u00fcr die WaysUp hat einen gro\u00dfen R\u00fccksto\u00df sowohl auf die Implementierung und auf das Wissen des Partners.<\/p>\n<p>Die Partner von WaysUp sind nach breiten Kategorien (Finanzen, Dienstleistungen und Beratung, Technologie, Business-L\u00f6sungen usw.) kategorisiert.<\/p>\n<p>\t\t\t\t\t\t\t\t\t\t\t<a href=\"https:\/\/waysup.eu\/wp-content\/uploads\/2017\/06\/Partanaire-conseil.jpg\" data-elementor-open-lightbox=\"default\"><br \/>\n\t\t\t\t\t\t\t<img decoding=\"async\" width=\"800\" height=\"800\" src=\"https:\/\/waysup.eu\/wp-content\/uploads\/2017\/06\/Partanaire-conseil.jpg\" alt=\"Partanaire-Rat\" srcset=\"https:\/\/waysup.eu\/wp-content\/uploads\/2017\/06\/Partanaire-conseil.jpg 800w, https:\/\/waysup.eu\/wp-content\/uploads\/2017\/06\/Partanaire-conseil-150x150.jpg 150w, https:\/\/waysup.eu\/wp-content\/uploads\/2017\/06\/Partanaire-conseil-300x300.jpg 300w, https:\/\/waysup.eu\/wp-content\/uploads\/2017\/06\/Partanaire-conseil-768x768.jpg 768w\" sizes=\"(max-width: 800px) 100vw, 800px\" \/>\t\t\t\t\t\t\t\t<\/a><\/p>\n<h3>Ein Partner der Wahl<\/h3>\n<p>Das Siegel &#8222;Rat&#8220; wird an Partner verliehen, die aufgrund ihrer H\u00f6rf\u00e4higkeiten, der von ihnen vorgeschlagenen L\u00f6sungen und des Budgets ausgew\u00e4hlt wurden, das mit den vorgeschlagenen Projekten im Einklang steht.<\/p>\n<p>WaysUp begn\u00fcgt sich mit einer sehr empfehlenswerten Ausf\u00fchrung des Projekts, unterst\u00fctzt aber nicht die Implementierung des Projekts.<\/p>\n<h3>Erweiterte M\u00f6glichkeiten durch unsere entsprechenden L\u00f6sungen bei Sage<\/h3>\n<p>\t\t\t\t\t\t\t\t\t<a href=\"\">&nbsp; Technologische<\/a><br \/>\n\t\t\t\t\t\t\t\t\t<a href=\"\">&nbsp; Gesch\u00e4ftsl\u00f6sungen<\/a><br \/>\n\t\t\t\t\t\t\t\t\t<a href=\"\">&nbsp; Finanzierung<\/a><br \/>\n\t\t\t\t\t\t\t\t\t<a href=\"\">&nbsp; Dienstleistungen<\/a><br \/>\n\t\t\t\t\t\t\t\t\t&nbsp; Technologische<br \/>\n<img decoding=\"async\" id=\"img-center\"  src=\"https:\/\/waysup.eu\/wp-content\/uploads\/2017\/06\/oB1kFkYz.png\" alt=\"\" \/><\/p>\n<p>Burst ist eine leistungsstarke und einfach zu implementierende Sage-Anwendungshostingl\u00f6sung mit den folgenden Vorteilen:<\/p>\n<p><img decoding=\"async\"  src=\"https:\/\/waysup.eu\/wp-content\/uploads\/2017\/06\/partenaire-conseil-4.png\" alt=\"\" \/><\/p>\n<ul>\n<li id=\"li1\">Schnelle und einfache Verf\u00fcgbarkeit Ihres Platzes<\/li>\n<li id=\"li1\">Besonders attraktive Kosten (ab 69 ht pro Benutzer\/Monat ohne Mindestanzahl von Benutzern<\/li>\n<li id=\"li1\">Serverwartung und Backup inklusive<\/li>\n<li id=\"li1\">M\u00f6glichkeit, einen Fall zu haben, wodurch der PC zu teuer wird<\/li>\n<li id=\"li1\">Aufzeichnung von Zugriffs- und Verarbeitungsbehandlungen<\/li>\n<li id=\"li1\">Optimiert f\u00fcr Sage-Management-Umgebungen<\/li>\n<li id=\"li1\">f\u00fcr mehrere Medien (PC, Mac, Tablets, Mobile&#8230;..)<\/li>\n<\/ul>\n<p><img decoding=\"async\" id=\"img-bottom_tab2-1\"  src=\"https:\/\/waysup.eu\/wp-content\/uploads\/2017\/06\/plaquette-burst.png\" alt=\"\" \/><br \/>\n<img decoding=\"async\" id=\"natelco1\"  src=\"https:\/\/waysup.eu\/wp-content\/uploads\/2019\/10\/Screenshot-55.png\" alt=\"\" \/><\/p>\n<p>Logix ist der technische Partner par excellence, der wei\u00df, wie man in allen Gr\u00f6\u00dfen arbeitet<br \/>\nund bietet folgende Dienstleistungen an:<\/p>\n<ul style=\"margin-left: -20px;\">\n<li id=\"li1\">Der Verkauf von Ausr\u00fcstung<\/li>\n<li id=\"li1\">Die erste Pr\u00fcfung<\/li>\n<li id=\"li1\">Beratung und Nachsorge<\/li>\n<li id=\"li1\">Die Verwaltung des Netzwerks<\/li>\n<li id=\"li1\">Sichern der IT-Umgebung<\/li>\n<li id=\"li1\">Telefon-Helpline<\/li>\n<li id=\"li1\">Vorbeugende Wartung<\/li>\n<\/ul>\n<p><img decoding=\"async\" src=\"https:\/\/waysup.eu\/wp-content\/uploads\/2017\/06\/partenaire-conseil-1.png\" alt=\"\" \/><br \/>\n\t\t\t\t\t\t\t\t\t&nbsp; Gesch\u00e4ftsl\u00f6sungen<br \/>\n<img decoding=\"async\" id=\"img-center\"  src=\"https:\/\/waysup.eu\/wp-content\/uploads\/2017\/06\/t%C3%A9l%C3%A9chargement.png\" alt=\"\" \/><\/p>\n<p>Oxatis ist eine E-Commerce-L\u00f6sung im Saas-Modus, die 2001 mit mehr als 10.000 aktiven Online-Shops entwickelt wurde. Es bietet eine umfassende L\u00f6sung, die Hosting, Zugriff auf die L\u00f6sung und mehr als 400 Funktionen umfasst, um seine E-Commerce-Website zu erstellen. Oxatis-Sites sind auch f\u00fcr nat\u00fcrliche Referenzierung optimiert und alle haben eine mobile Version. Oxatis-Kunden haben 365 Tage Support bei der Erstellung ihrer Online-Shops, egal ob sie unabh\u00e4ngig oder mit Hilfe von Oxatis-Experten durchgef\u00fchrt werden. Die Funktionen entwickeln sich st\u00e4ndig weiter, um sich an das Verhalten des Marktes und der Verbraucher anzupassen. Als schl\u00fcsselfertige oder benutzerdefinierte L\u00f6sung passt Oxatis seine L\u00f6sung an alle Arten von E-Commerce-Projekten und Budgets an. Mit 15 Millionen Bestellungen auf allen E-Commerce-Standorten ist Oxatis ein wichtiger Akteur auf dem Markt. Spieler wie Sage oder Google haben sich f\u00fcr diese L\u00f6sung entschieden, um L\u00f6sungen und Schnittstellen exklusiv im E-Commerce zu bauen.Oxatis bietet eine sehr funktionsreiche E-Commerce-L\u00f6sung mit sehr guter technischer Leistung und Sie mit hochwertigen Dienstleistungen. Mehr als 10.000 Kunden aus allen Branchen haben sich f\u00fcr Oxatis entschieden, um ihre E-Commerce-Website zu erstellen. Oxatis in wenigen Worten:<\/p>\n<p><img decoding=\"async\"  src=\"https:\/\/waysup.eu\/wp-content\/uploads\/2017\/06\/partenaire-conseil-1.png\" alt=\"\" \/><\/p>\n<ul>\n<li id=\"li1\">Eine L\u00f6sung in SaaS sofort verf\u00fcgbar<\/li>\n<li id=\"li1\">Eine moderne und reichhaltige Grafik<\/li>\n<li id=\"li1\">Permanente und automatische \u00c4nderungen<\/li>\n<li id=\"li1\">Hervorragender Funktionsreichtum<\/li>\n<li id=\"li1\">Begleitung durch Experten<\/li>\n<\/ul>\n<p><iframe id=\"ifrtab3\" src=\"https:\/\/www.youtube.com\/embed\/w5iQnlWAgak?list=PLo9h0dMEvwhPtCg638qOYAS7uCt3-K6aM\"><br \/>\n<\/iframe><br \/>\n<img decoding=\"async\" id=\"img-bottom_tab2-1\"  src=\"https:\/\/waysup.eu\/wp-content\/uploads\/2017\/06\/2017-06-26_19-52-16.jpg\" alt=\"\" \/><\/p>\n<p id=\"text-bottom555\">Laden Sie die Brosch\u00fcre herunter, indem Sie auf das Bild klicken<\/p>\n<p><img decoding=\"async\" id=\"natelco1\"  src=\"https:\/\/waysup.eu\/wp-content\/uploads\/2017\/06\/add.png;\" alt=\"\" \/><\/p>\n<p>ADD Informatics bietet das Softwarepaket f\u00fcr die \u00ab\u00a0Addvance\u00a0\u00bb-Verkaufsstellen an. Eine echte globale L\u00f6sung, sie verbindet sich mit Sage.<\/p>\n<p id=\"p6\"><b>Autonomie, Sicherheit<\/b><\/p>\n<p>Jeder Fall verf\u00fcgt \u00fcber eine eigene Datenbank und alle x Minuten eigene anpassbare Synchronisationen.<\/p>\n<p>Sollte die Verbindung zwischen Laden und Sitz unterbrochen, Netzwerk- oder Internetausfall erfolgen, w\u00fcrde die Kasse bis zur Wiederherstellung der Verbindung in v\u00f6lliger Autonomie weiterarbeiten.<\/p>\n<p>Alle Preis- oder Rabatt\u00e4nderungen werden f\u00fcr die Kassenberichterstattung nachverfolgt.<\/p>\n<p>R\u00fcckgabeverwaltungsverfahren, das direkt vom Internetserver verwaltet wird, um eine doppelte Verwendung desselben Tickets zu vermeiden.<\/p>\n<p>ADD Informatics bietet das Softwarepaket f\u00fcr die \u00ab\u00a0Addvance\u00a0\u00bb-Verkaufsstellen an. Eine echte globale L\u00f6sung, sie verbindet sich mit Sage.<\/p>\n<p id=\"p6\"><b>Geschwindigkeit, Ergonomie<\/b><\/p>\n<p>Ein ausstehendes Dokument ist an allen Kassen im Gesch\u00e4ft sichtbar und kann von jedem von ihnen abgerufen werden.<\/p>\n<p>Tastenkombinationen sparen Ihnen Zeit bei jedem Verkauf, 3-Codebarre Positionen 3 in Der Menge, F2 &#8211; F2 &#8211; warten, F4 &#8211; F4 &#8211; Letzter Dokumentenr\u00fcckruf, etc.<\/p>\n<p id=\"p6\"><b>Flexibilit\u00e4t<\/b><\/p>\n<p>Die M\u00f6glichkeit, mit einem MC75 PDA (Mc DONALD) vorzuverkaufen.<\/p>\n<p>Kachel-Eingabemodus, der eine einfache Verwendung auf iPad, Tablet, Telefon erm\u00f6glicht.<\/p>\n<p>Tickets, Rechnungen, Dokumente A4<br \/>\n(Angebote, Bestellungen, Liefergutscheine, Rechnungen).<\/p>\n<p><img decoding=\"async\" id=\"img-confiance\"  src=\"https:\/\/waysup.eu\/wp-content\/uploads\/2017\/06\/partenaire-conseil-4.png\" alt=\"\" \/><br \/>\n<img decoding=\"async\" id=\"img-bottom_tab2-1\"  src=\"https:\/\/waysup.eu\/wp-content\/uploads\/2017\/06\/image-plaquette-addvance.jpg\" alt=\"\" \/><\/p>\n<p id=\"text-bottom555\">Laden Sie die Brosch\u00fcre herunter, indem Sie auf das Bild klicken<\/p>\n<p><img decoding=\"async\" id=\"natelco1\"  src=\"https:\/\/waysup.eu\/wp-content\/uploads\/2017\/06\/Sans-titre-4.png;\" alt=\"\" \/><\/p>\n<p><b> Die Waza-Konsole: Konsolidierung, Austausch zwischen Anwendungen&#8230; mit Sage 100<\/b><\/p>\n<p>Sehr n\u00fctzlich f\u00fcr:<\/p>\n<p>Konsolidierung von Daten zwischen mehreren Unternehmen<\/p>\n<p>Austausch von Daten zwischen Sage 100 Commercial Management und einer Website<\/p>\n<p>Strukturkontoerstellung in Sage 100 Commercial Management<\/p>\n<p>Verkn\u00fcpfen von Sage 100 Business Management mit einer Gesch\u00e4ftsanwendung<\/p>\n<p>\u2013 &#8230;<\/p>\n<p><iframe id=\"ifrtab2\" src=\"https:\/\/www.youtube.com\/embed\/T694HOX2RK0?list=PLo9h0dMEvwhPtCg638qOYAS7uCt3-K6aM\"><br \/>\n<\/iframe><br \/>\n<img decoding=\"async\"  src=\"https:\/\/waysup.eu\/wp-content\/uploads\/2017\/06\/partenaire-conseil-4.png\" alt=\"\" \/><br \/>\n<img decoding=\"async\"  src=\"https:\/\/waysup.eu\/wp-content\/uploads\/2017\/06\/editions_cauris_logo_OK__bleu.png;\" alt=\"\" \/><\/p>\n<p><b> Cauris Editions bietet erg\u00e4nzende L\u00f6sungen f\u00fcr Sage-Anwendungen, einschlie\u00dflich:<\/b><\/p>\n<p>Edisauv, ein leistungsstarkes Backup-Softwarepaket auf Sage 100c Accounting, Commercial Management und Pay, mit dem Sie Ihre SQL-Backups auf einfache und intuitive Weise verwalten k\u00f6nnen&#8230;&#8230;<\/p>\n<p>Editrace und ein Softwarepaket zur R\u00fcckverfolgbarkeit von Flows auf Sage 100c Accounting and Business Management. Sie liefert relevante Informationen zu Transaktionen mit Sage 100-Anwendungen.<br \/>\nEinige Flecken oder Daten k\u00f6nnen gewarnt werden&#8230;..<\/p>\n<p><iframe id=\"ifrtab33\" src=\"https:\/\/www.youtube.com\/embed\/eLCxg3mVYdE?list=PLo9h0dMEvwhPtCg638qOYAS7uCt3-K6aM\"><br \/>\n<\/iframe><br \/>\n<iframe id=\"ifrtab33\" src=\"https:\/\/www.youtube.com\/embed\/6dU5pDoafy4?list=PLo9h0dMEvwhPtCg638qOYAS7uCt3-K6aM\"><br \/>\n<\/iframe><br \/>\n<img decoding=\"async\" id=\"img-confiance\" style=\"float: right; height: 157px; width: 157px; margin-left: 60px; margin-top: -10px;\" src=\"https:\/\/waysup.eu\/wp-content\/uploads\/2017\/06\/partenaire-conseil-4.png\" alt=\"\" \/><br \/>\n<img decoding=\"async\" id=\"img-bottom_tab2-1\" src=\"https:\/\/waysup.eu\/wp-content\/uploads\/2017\/06\/image-plaquette-addvance.jpg\" alt=\"\" \/><\/p>\n<p id=\"text-bottom555\">Laden Sie die Edisauv-Brosch\u00fcre herunter, indem Sie auf das Bild klicken<\/p>\n<p><img decoding=\"async\" id=\"img-bottom_tab2-1\" src=\"https:\/\/waysup.eu\/wp-content\/uploads\/2017\/06\/image-plaquette-addvance.jpg\" alt=\"\" \/><\/p>\n<p id=\"text-bottom555\">Laden Sie die Editrace-Brosch\u00fcre herunter, indem Sie auf das Bild klicken<\/p>\n<p><img decoding=\"async\" id=\"natelco1\"  src=\"https:\/\/waysup.eu\/wp-content\/uploads\/2017\/06\/t%C3%A9l%C3%A9chargement-1.png\" alt=\"\" \/><\/p>\n<p><b> Clearnox ist ein innovatives Unternehmen mit<br \/>\num Unternehmen dabei zu helfen, bezahlt zu werden<br \/>\nschneller dank einer L\u00f6sung, die sich der<br \/>\nVerwaltung der ausstehenden Verm\u00f6genswerte des Kunden.<\/b><\/p>\n<p>Clearnox, profitieren Sie:<\/p>\n<p>Sicherung eines Cashflows<\/p>\n<p>K\u00fcrzere Zahlungszeiten<\/p>\n<p>Strukturierung und Automatisierung der<br \/>\nKundenwiederherstellungsprozess<\/p>\n<p>Hervorragende Sichtbarkeit des Kundenbestands<\/p>\n<p>Eine Marke inge lassen Sie uns eine<br \/>\nmoderne Kundenbeziehung<\/p>\n<p><iframe id=\"ifrtab2\" src=\"https:\/\/www.youtube.com\/embed\/6Io1wEZzKRM?list=PLo9h0dMEvwhPtCg638qOYAS7uCt3-K6aM\"><br \/>\n<\/iframe><br \/>\n<img decoding=\"async\"  src=\"https:\/\/waysup.eu\/wp-content\/uploads\/2017\/06\/partenaire-conseil-4.png\" alt=\"\" \/><br \/>\n\t\t\t\t\t\t\t\t\t&nbsp; Finanzierung<br \/>\n<img decoding=\"async\" id=\"img-center\"  src=\"https:\/\/waysup.eu\/wp-content\/uploads\/2017\/06\/Artboard-1.png\" alt=\"\" \/><\/p>\n<p><strong>FIPARC <\/strong>bietet seinen Kunden Support, der es ihm erm\u00f6glicht, ausschlie\u00dflich Software und die damit verbundenen Dienstleistungen zu <strong>finanzieren.<\/strong> Der Zweck dieses Vertrages ist es, dem Mieter zu erm\u00f6glichen, die oft steigende Last f\u00fcr den Erwerb einer neuen Anwendung zu gl\u00e4tten.<\/p>\n<p>Durch die Unterzeichnung einer dreiseitigen Billigung mit dem Herausgeber materialisiert, beh\u00e4lt sich der Mieter alle Rechte zur Nutzung seiner Lizenzen am Ende des Vertrages f\u00fcr einen von Anfang an bekannten Betrag vor. Dies ist eine gro\u00dfartige M\u00f6glichkeit, die Kapitalrendite dieser Art von Projekt zu messen.<\/p>\n<p><img decoding=\"async\"  src=\"https:\/\/waysup.eu\/wp-content\/uploads\/2017\/06\/partenaire-conseil-1.png\" alt=\"\" \/><br \/>\n<iframe id=\"ifrtab3\" src=\"https:\/\/www.youtube.com\/embed\/EPRc22oglcM?list=PLo9h0dMEvwhPtCg638qOYAS7uCt3-K6aM\"><br \/>\n<\/iframe><br \/>\n<img decoding=\"async\" id=\"img-bottom\"  src=\"https:\/\/waysup.eu\/wp-content\/uploads\/2017\/06\/Photo-plaquette-Fiparc-213x300.png\" alt=\"\" \/><\/p>\n<p id=\"text-bottom55\">Laden Sie die Brosch\u00fcre herunter, indem Sie auf das Bild klicken<\/p>\n<p>\t\t\t\t\t\t\t\t\t&nbsp; Dienstleistungen<br \/>\n<img decoding=\"async\" id=\"img-center\"  src=\"https:\/\/waysup.eu\/wp-content\/uploads\/2017\/06\/vignette-home-1.png\" alt=\"\" \/><\/p>\n<p >IPROGEST verf\u00fcgt \u00fcber spezialisiertes Know-how in der Auslagerung oder Internalisierung von Lohn- und Personalkosten.<br \/>\nSeit mehr als 15 Jahren anerkannte F\u00e4higkeiten.<\/p>\n<p><img decoding=\"async\"  src=\"https:\/\/waysup.eu\/wp-content\/uploads\/2017\/06\/partenaire-conseil-1.png\" alt=\"\" \/><br \/>\n<img decoding=\"async\" id=\"natelco\"  src=\"https:\/\/waysup.eu\/wp-content\/uploads\/2017\/06\/natelco.png\" alt=\"\" \/><\/p>\n<p>NATELCO bietet ein erg\u00e4nzendes Schulungspanel zu den Dienstleistungen von WaysUp an.<\/p>\n<p>Handverlesene Berater bieten Schulungen zu einer Vielzahl von Themen an:<\/p>\n<ul id=\"ultab4\" style=\"padding-top: 20px;\">\n<li>B\u00fcro (Excel, Wort, Powerpoint&#8230;.)<\/li>\n<li>Management und Finanzen<\/li>\n<li>pers\u00f6nliche und berufliche Entwicklung<\/li>\n<li>Teamzusammenhalt<\/li>\n<li>Management<\/li>\n<li>Zeitmanagement<\/li>\n<li>Grafiksoftware (Photoshop, Illustrator, Autocad&#8230;)<\/li>\n<\/ul>\n<p style=\"color: #595959; padding-left: 20px; margin-top: 20px;\">Und vieles mehr&#8230;&#8230;..<\/p>\n<p><img decoding=\"async\"  src=\"https:\/\/waysup.eu\/wp-content\/uploads\/2017\/06\/partenaire-conseil-1.png\" alt=\"\" \/><\/p>\n<p>F\u00fcllen Sie den Fragebogen unten aus, wenn Sie eine Pr\u00e4sentation von einem unserer Partner w\u00fcnschen.<\/p>\n","protected":false},"excerpt":{"rendered":"<p>Unsere Partner WaysUp als Sage Skills Centre hat eine starke Partnerschaft mit dem Verlag geschmiedet. SAGE: Zweifellos der f\u00fchrende Verlag f\u00fcr Managementl\u00f6sungen f\u00fcr KMU, bringt es mit all seinen Angeboten sowohl die Antwort auf die funktionalen Bed\u00fcrfnisse von Unternehmen als auch die von den Nutzern gew\u00fcnschte Nachhaltigkeit. Zus\u00e4tzlich zu diesem Herausgeber hat WaysUp verwandte L\u00f6sungen [&hellip;]<\/p>\n","protected":false},"author":1,"featured_media":11415,"parent":0,"menu_order":0,"comment_status":"closed","ping_status":"closed","template":"elementor_header_footer","meta":{"footnotes":""},"yst_prominent_words":[286,294,280,284,293,132,287,281,292,279,289,288,291,146,290,285,277,282,283,278],"class_list":["post-11357","page","type-page","status-publish","has-post-thumbnail","hentry"],"_links":{"self":[{"href":"https:\/\/waysup.ma\/de\/wp-json\/wp\/v2\/pages\/11357","targetHints":{"allow":["GET"]}}],"collection":[{"href":"https:\/\/waysup.ma\/de\/wp-json\/wp\/v2\/pages"}],"about":[{"href":"https:\/\/waysup.ma\/de\/wp-json\/wp\/v2\/types\/page"}],"author":[{"embeddable":true,"href":"https:\/\/waysup.ma\/de\/wp-json\/wp\/v2\/users\/1"}],"replies":[{"embeddable":true,"href":"https:\/\/waysup.ma\/de\/wp-json\/wp\/v2\/comments?post=11357"}],"version-history":[{"count":8,"href":"https:\/\/waysup.ma\/de\/wp-json\/wp\/v2\/pages\/11357\/revisions"}],"predecessor-version":[{"id":13897,"href":"https:\/\/waysup.ma\/de\/wp-json\/wp\/v2\/pages\/11357\/revisions\/13897"}],"wp:featuredmedia":[{"embeddable":true,"href":"https:\/\/waysup.ma\/de\/wp-json\/wp\/v2\/media\/11415"}],"wp:attachment":[{"href":"https:\/\/waysup.ma\/de\/wp-json\/wp\/v2\/media?parent=11357"}],"wp:term":[{"taxonomy":"yst_prominent_words","embeddable":true,"href":"https:\/\/waysup.ma\/de\/wp-json\/wp\/v2\/yst_prominent_words?post=11357"}],"curies":[{"name":"wp","href":"https:\/\/api.w.org\/{rel}","templated":true}]}}