{"id":12041,"date":"2019-11-16T06:57:32","date_gmt":"2019-11-16T05:57:32","guid":{"rendered":"https:\/\/waysup.eu\/loesungen-fuer-tpe-small-business\/"},"modified":"2022-12-20T08:29:39","modified_gmt":"2022-12-20T07:29:39","slug":"loesungen-fuer-tpe-small-business","status":"publish","type":"page","link":"https:\/\/waysup.ma\/de\/loesungen-fuer-tpe-small-business\/","title":{"rendered":"L\u00f6sungen f\u00fcr TPE (Small Business)"},"content":{"rendered":"\t\t<div data-elementor-type=\"wp-page\" data-elementor-id=\"12041\" class=\"elementor elementor-12041 elementor-390\">\n\t\t\t\t\t\t<section class=\"elementor-section elementor-top-section elementor-element elementor-element-b9c997c elementor-section-boxed elementor-section-height-default elementor-section-height-default\" data-id=\"b9c997c\" data-element_type=\"section\" data-e-type=\"section\">\n\t\t\t\t\t\t<div class=\"elementor-container elementor-column-gap-default\">\n\t\t\t\t\t<div class=\"elementor-column elementor-col-100 elementor-top-column elementor-element elementor-element-273c072\" data-id=\"273c072\" data-element_type=\"column\" data-e-type=\"column\">\n\t\t\t<div class=\"elementor-widget-wrap elementor-element-populated\">\n\t\t\t\t\t\t<div class=\"elementor-element elementor-element-8e83c42 elementor-widget elementor-widget-breadcrumbs\" data-id=\"8e83c42\" data-element_type=\"widget\" data-e-type=\"widget\" data-widget_type=\"breadcrumbs.default\">\n\t\t\t\t<div class=\"elementor-widget-container\">\n\t\t\t\t\t<p id=\"breadcrumbs\"><span><span class=\"breadcrumb_last\" aria-current=\"page\">Accueil<\/span><\/span><\/p>\t\t\t\t<\/div>\n\t\t\t\t<\/div>\n\t\t\t\t\t<\/div>\n\t\t<\/div>\n\t\t\t\t\t<\/div>\n\t\t<\/section>\n\t\t\t\t<section class=\"elementor-section elementor-top-section elementor-element elementor-element-f0a38d3 elementor-section-boxed elementor-section-height-default elementor-section-height-default\" data-id=\"f0a38d3\" data-element_type=\"section\" data-e-type=\"section\" data-settings=\"{&quot;background_background&quot;:&quot;classic&quot;}\">\n\t\t\t\t\t\t<div class=\"elementor-container elementor-column-gap-default\">\n\t\t\t\t\t<div class=\"elementor-column elementor-col-100 elementor-top-column elementor-element elementor-element-e587809\" data-id=\"e587809\" data-element_type=\"column\" data-e-type=\"column\">\n\t\t\t<div class=\"elementor-widget-wrap elementor-element-populated\">\n\t\t\t\t\t\t<section class=\"elementor-section elementor-inner-section elementor-element elementor-element-ca729db elementor-section-height-min-height elementor-section-boxed elementor-section-height-default\" data-id=\"ca729db\" data-element_type=\"section\" data-e-type=\"section\" data-settings=\"{&quot;background_background&quot;:&quot;classic&quot;}\">\n\t\t\t\t\t\t\t<div class=\"elementor-background-overlay\"><\/div>\n\t\t\t\t\t\t\t<div class=\"elementor-container elementor-column-gap-default\">\n\t\t\t\t\t<div class=\"elementor-column elementor-col-100 elementor-inner-column elementor-element elementor-element-324e4c1\" data-id=\"324e4c1\" data-element_type=\"column\" data-e-type=\"column\">\n\t\t\t<div class=\"elementor-widget-wrap elementor-element-populated\">\n\t\t\t\t\t\t<div class=\"elementor-element elementor-element-a241f83 elementor-widget elementor-widget-heading\" data-id=\"a241f83\" data-element_type=\"widget\" data-e-type=\"widget\" data-widget_type=\"heading.default\">\n\t\t\t\t<div class=\"elementor-widget-container\">\n\t\t\t\t\t<h1 class=\"elementor-heading-title elementor-size-default\">Managementl\u00f6sungen f\u00fcr PETITES ENTREPRISES<\/h1>\t\t\t\t<\/div>\n\t\t\t\t<\/div>\n\t\t\t\t\t<\/div>\n\t\t<\/div>\n\t\t\t\t\t<\/div>\n\t\t<\/section>\n\t\t\t\t<section class=\"elementor-section elementor-inner-section elementor-element elementor-element-e3e55ed elementor-section-height-min-height elementor-section-boxed elementor-section-height-default\" data-id=\"e3e55ed\" data-element_type=\"section\" data-e-type=\"section\">\n\t\t\t\t\t\t<div class=\"elementor-container elementor-column-gap-default\">\n\t\t\t\t\t<div class=\"elementor-column elementor-col-100 elementor-inner-column elementor-element elementor-element-c109db7\" data-id=\"c109db7\" data-element_type=\"column\" data-e-type=\"column\">\n\t\t\t<div class=\"elementor-widget-wrap elementor-element-populated\">\n\t\t\t\t\t\t<div class=\"elementor-element elementor-element-174db0e elementor-widget elementor-widget-text-editor\" data-id=\"174db0e\" data-element_type=\"widget\" data-e-type=\"widget\" id=\"banner-text\" data-widget_type=\"text-editor.default\">\n\t\t\t\t<div class=\"elementor-widget-container\">\n\t\t\t\t\t\t\t\t\t<p>Entdecken Sie eine vollst\u00e4ndige Palette an Software, um Ihr Unternehmen zu verwalten. Online oder auf Ihrem Computer installiert, es liegt an Ihnen!<\/p>\n\t\t\t\t\t\t\t\t<\/div>\n\t\t\t\t<\/div>\n\t\t\t\t\t<\/div>\n\t\t<\/div>\n\t\t\t\t\t<\/div>\n\t\t<\/section>\n\t\t\t\t\t<\/div>\n\t\t<\/div>\n\t\t\t\t\t<\/div>\n\t\t<\/section>\n\t\t\t\t<section class=\"elementor-section elementor-top-section elementor-element elementor-element-a679d37 elementor-section-boxed elementor-section-height-default elementor-section-height-default\" data-id=\"a679d37\" data-element_type=\"section\" data-e-type=\"section\">\n\t\t\t\t\t\t<div class=\"elementor-container elementor-column-gap-default\">\n\t\t\t\t\t<div class=\"elementor-column elementor-col-100 elementor-top-column elementor-element elementor-element-a13c743 animated-slow elementor-invisible\" data-id=\"a13c743\" data-element_type=\"column\" data-e-type=\"column\" data-settings=\"{&quot;animation&quot;:&quot;fadeIn&quot;}\">\n\t\t\t<div class=\"elementor-widget-wrap elementor-element-populated\">\n\t\t\t\t\t\t<div class=\"elementor-element elementor-element-a097b94 elementor-widget elementor-widget-text-editor\" data-id=\"a097b94\" data-element_type=\"widget\" data-e-type=\"widget\" data-widget_type=\"text-editor.default\">\n\t\t\t\t<div class=\"elementor-widget-container\">\n\t\t\t\t\t\t\t\t\t<p>WaysUp bietet die relevanteste <strong>Auswahl an<\/strong> Management-Software f\u00fcr kleine Unternehmen, die Effizienz und Budget kombinieren.<\/p>\n\t\t\t\t\t\t\t\t<\/div>\n\t\t\t\t<\/div>\n\t\t\t\t\t<\/div>\n\t\t<\/div>\n\t\t\t\t\t<\/div>\n\t\t<\/section>\n\t\t\t\t<section class=\"elementor-section elementor-top-section elementor-element elementor-element-9353299 elementor-section-boxed elementor-section-height-default elementor-section-height-default\" data-id=\"9353299\" data-element_type=\"section\" data-e-type=\"section\">\n\t\t\t\t\t\t<div class=\"elementor-container elementor-column-gap-default\">\n\t\t\t\t\t<div class=\"elementor-column elementor-col-100 elementor-top-column elementor-element elementor-element-6ffda49 animated-slow elementor-invisible\" data-id=\"6ffda49\" data-element_type=\"column\" data-e-type=\"column\" data-settings=\"{&quot;animation&quot;:&quot;fadeIn&quot;}\">\n\t\t\t<div class=\"elementor-widget-wrap elementor-element-populated\">\n\t\t\t\t\t\t<div class=\"elementor-element elementor-element-d25efe5 elementor-widget elementor-widget-text-editor\" data-id=\"d25efe5\" data-element_type=\"widget\" data-e-type=\"widget\" data-widget_type=\"text-editor.default\">\n\t\t\t\t<div class=\"elementor-widget-container\">\n\t\t\t\t\t\t\t\t\t<p>Unabh\u00e4ngig von Ihrer Branche (<strong>Industrie, Transport, Handel, Service&#8230;) und Ihren Bed\u00fcrfnissen(Buchhaltung, Betriebsf\u00fchrung, Kundenbeziehungen, Logistik, Lohn- und Gehaltsabrechnung, PERSONAL<\/strong>)finden Sie in unserem Sortiment eine angemessene Antwort auf die Besonderheiten Ihres Unternehmens.<\/p>\n\t\t\t\t\t\t\t\t<\/div>\n\t\t\t\t<\/div>\n\t\t\t\t\t<\/div>\n\t\t<\/div>\n\t\t\t\t\t<\/div>\n\t\t<\/section>\n\t\t\t\t<section class=\"elementor-section elementor-top-section elementor-element elementor-element-ee534a2 elementor-section-boxed elementor-section-height-default elementor-section-height-default\" data-id=\"ee534a2\" data-element_type=\"section\" data-e-type=\"section\">\n\t\t\t\t\t\t<div class=\"elementor-container elementor-column-gap-default\">\n\t\t\t\t\t<div class=\"elementor-column elementor-col-100 elementor-top-column elementor-element elementor-element-310f2be\" data-id=\"310f2be\" data-element_type=\"column\" data-e-type=\"column\">\n\t\t\t<div class=\"elementor-widget-wrap elementor-element-populated\">\n\t\t\t\t\t\t<div class=\"elementor-element elementor-element-353f34f elementor-tabs-view-vertical elementor-widget elementor-widget-tabs\" data-id=\"353f34f\" data-element_type=\"widget\" data-e-type=\"widget\" id=\"Adv-tabbing2\" data-widget_type=\"tabs.default\">\n\t\t\t\t<div class=\"elementor-widget-container\">\n\t\t\t\t\t\t\t<div class=\"elementor-tabs\">\n\t\t\t<div class=\"elementor-tabs-wrapper\" role=\"tablist\" >\n\t\t\t\t\t\t\t\t\t<div id=\"elementor-tab-title-5581\" class=\"elementor-tab-title elementor-tab-desktop-title\" aria-selected=\"true\" data-tab=\"1\" role=\"tab\" tabindex=\"0\" aria-controls=\"elementor-tab-content-5581\" aria-expanded=\"false\">Rechnungswesen<\/div>\n\t\t\t\t\t\t\t\t\t<div id=\"elementor-tab-title-5582\" class=\"elementor-tab-title elementor-tab-desktop-title\" aria-selected=\"false\" data-tab=\"2\" role=\"tab\" tabindex=\"-1\" aria-controls=\"elementor-tab-content-5582\" aria-expanded=\"false\">Unternehmensf\u00fchrung<\/div>\n\t\t\t\t\t\t\t\t\t<div id=\"elementor-tab-title-5583\" class=\"elementor-tab-title elementor-tab-desktop-title\" aria-selected=\"false\" data-tab=\"3\" role=\"tab\" tabindex=\"-1\" aria-controls=\"elementor-tab-content-5583\" aria-expanded=\"false\">Zahlen<\/div>\n\t\t\t\t\t\t\t\t\t<div id=\"elementor-tab-title-5584\" class=\"elementor-tab-title elementor-tab-desktop-title\" aria-selected=\"false\" data-tab=\"4\" role=\"tab\" tabindex=\"-1\" aria-controls=\"elementor-tab-content-5584\" aria-expanded=\"false\">Online-L\u00f6sungen<\/div>\n\t\t\t\t\t\t\t<\/div>\n\t\t\t<div class=\"elementor-tabs-content-wrapper\" role=\"tablist\" aria-orientation=\"vertical\">\n\t\t\t\t\t\t\t\t\t<div class=\"elementor-tab-title elementor-tab-mobile-title\" aria-selected=\"true\" data-tab=\"1\" role=\"tab\" tabindex=\"0\" aria-controls=\"elementor-tab-content-5581\" aria-expanded=\"false\">Rechnungswesen<\/div>\n\t\t\t\t\t<div id=\"elementor-tab-content-5581\" class=\"elementor-tab-content elementor-clearfix\" data-tab=\"1\" role=\"tabpanel\" aria-labelledby=\"elementor-tab-title-5581\" tabindex=\"0\" hidden=\"false\"><h4>Sage 50cloud Zahlungsbuchhaltung<\/h4><p><img decoding=\"async\" id=\"Paiement1\" class=\"img-account\" src=\"https:\/\/waysup.ma\/wp-content\/uploads\/2017\/05\/sage-50c-compta-1-150x150.png\" alt=\"\" \/><\/p><p class=\"para-acc\">Sage 50cloud Ciel Compta, die aus der neuesten Generation der Sky- und Wise-Software stammt, verl\u00e4sst sich auf unser historisches Sortiment, Ciel Compta und Ciel Compta Evolution, um sich auf das Wesentliche zu konzentrieren: von der Eingabe des Papierkrams bis zur Bilanzbearbeitung, in Verfolgen Ihres Cashflows.<\/p><p><a href=\"https:\/\/waysup.ma\/de\/loesungen-fuer-kmu\/sage-50cloud\/\" target=\"_Blank\"><button class=\"btn-acc\">Erfahren Sie mehr&#8230;.<\/button><\/a><\/p><\/div>\n\t\t\t\t\t\t\t\t\t<div class=\"elementor-tab-title elementor-tab-mobile-title\" aria-selected=\"false\" data-tab=\"2\" role=\"tab\" tabindex=\"-1\" aria-controls=\"elementor-tab-content-5582\" aria-expanded=\"false\">Unternehmensf\u00fchrung<\/div>\n\t\t\t\t\t<div id=\"elementor-tab-content-5582\" class=\"elementor-tab-content elementor-clearfix\" data-tab=\"2\" role=\"tabpanel\" aria-labelledby=\"elementor-tab-title-5582\" tabindex=\"0\" hidden=\"hidden\"><h4>Sage 50cloud Kommerzielles Management<\/h4><p><img decoding=\"async\" id=\"ciel\" class=\"img-account\" src=\"https:\/\/waysup.ma\/wp-content\/uploads\/2017\/05\/sage-50c-compta-1-150x150.png\" alt=\"\" \/><\/p><p class=\"para-acc\">M\u00fcssen Sie Ihr gesamtes Unternehmen von der Bestellung bis zur Lieferung verwalten?<br \/>Mit Sage 50cloud Sky Commercial Management k\u00f6nnen Sie die gesamte Abrechnungskette mit anpassbaren Gesch\u00e4ftsteilmodellen verwalten. Haben Ihr Unternehmen und sein Management Besonderheiten?<br \/>Diese Management-Software erm\u00f6glicht es Ihnen, unter anderem Multi-Deposit-Inventar, Mehr-Ebenen-Artikel-Nomenklatur, zweisprachige Abrechnung, Multi-F\u00e4lligkeit oder Abonnement zu verwalten.<\/p><p><a href=\"https:\/\/waysup.ma\/de\/loesungen-fuer-kmu\/sage-50cloud\/\"><button class=\"btn-bm\">Erfahren Sie mehr&#8230;.<\/button><\/a><\/p><\/div>\n\t\t\t\t\t\t\t\t\t<div class=\"elementor-tab-title elementor-tab-mobile-title\" aria-selected=\"false\" data-tab=\"3\" role=\"tab\" tabindex=\"-1\" aria-controls=\"elementor-tab-content-5583\" aria-expanded=\"false\">Zahlen<\/div>\n\t\t\t\t\t<div id=\"elementor-tab-content-5583\" class=\"elementor-tab-content elementor-clearfix\" data-tab=\"3\" role=\"tabpanel\" aria-labelledby=\"elementor-tab-title-5583\" tabindex=\"0\" hidden=\"hidden\"><h4 >Sage 100cloud Pay<\/h4>\n<p class=\"para-pay\">Machen Sie es einfacher, Ihre Bezahlung zu verwalten und erhalten Sie eine detaillierte Analyse Ihrer Mitarbeiter. Von der Erstellung von Lohnscheinen bis hin zur Nachverfolgung von Urlauben und Abwesenheiten profitieren Sie von einer Komplettl\u00f6sung. Mit Sage 100cloud Pay arbeiten Sie garantiert mit Software, die den geltenden Gesetzen (DSN, DADS-U, etc.) entspricht.<\/p>\n<a href=\"https:\/\/waysup.ma\/de\/loesungen-fuer-kmu\/sage-pay\/\" target=\"_Blank\"><button class=\"btn-pay\">Erfahren Sie mehr&#8230;.<\/button><\/a><\/div>\n\t\t\t\t\t\t\t\t\t<div class=\"elementor-tab-title elementor-tab-mobile-title\" aria-selected=\"false\" data-tab=\"4\" role=\"tab\" tabindex=\"-1\" aria-controls=\"elementor-tab-content-5584\" aria-expanded=\"false\">Online-L\u00f6sungen<\/div>\n\t\t\t\t\t<div id=\"elementor-tab-content-5584\" class=\"elementor-tab-content elementor-clearfix\" data-tab=\"4\" role=\"tabpanel\" aria-labelledby=\"elementor-tab-title-5584\" tabindex=\"0\" hidden=\"hidden\"><h4 >Sage One<\/h4>\n<p class=\"para-os\">Sie wissen, wie wichtig es ist, die Finanzen Ihres Unternehmens gut zu verwalten. Sage One hilft Ihnen dabei, indem Sie die Kontrolle \u00fcber die Zusammenarbeit und Verteilung von Aufgaben zwischen Ihnen, Ihrem Buchhalter und Buchhalter behalten.<\/p>\n<a href=\"https:\/\/www.youtube.com\/watch?v=P6n1mx3lZhY\" target=\"_Blank\"><button class=\"btn-os\">Demonstration<\/button><\/a>\n<h4 >Sage 50cloud Sky<\/h4>\n<p class=\"para-os\">Sage 50c Ciel ist eine einfache und schnell in Microsoft Office 365 integrierte Buchhaltungs- und Verwaltungsl\u00f6sung, die den rechtlichen Entwicklungen entspricht und sicheren mobilen Zugriff bietet.<\/p>\n<a href=\"https:\/\/www.youtube.com\/watch?v=KfUFj04BXn8\" target=\"_Blank\"><button class=\"btn-os\">Demonstration<\/button><\/a><\/div>\n\t\t\t\t\t\t\t<\/div>\n\t\t<\/div>\n\t\t\t\t\t\t<\/div>\n\t\t\t\t<\/div>\n\t\t\t\t<div class=\"elementor-element elementor-element-7e1bf4c elementor-widget elementor-widget-text-editor\" data-id=\"7e1bf4c\" data-element_type=\"widget\" data-e-type=\"widget\" data-widget_type=\"text-editor.default\">\n\t\t\t\t<div class=\"elementor-widget-container\">\n\t\t\t\t\t\t\t\t\t<p>Entdecken Sie eine vollst\u00e4ndige Palette an Software, um Ihr Unternehmen zu verwalten. Online oder auf Ihrem Computer installiert, es liegt an Ihnen!<\/p>\n\t\t\t\t\t\t\t\t<\/div>\n\t\t\t\t<\/div>\n\t\t\t\t\t<\/div>\n\t\t<\/div>\n\t\t\t\t\t<\/div>\n\t\t<\/section>\n\t\t\t\t<section class=\"elementor-section elementor-top-section elementor-element elementor-element-bb677a7 elementor-section-boxed elementor-section-height-default elementor-section-height-default\" data-id=\"bb677a7\" data-element_type=\"section\" data-e-type=\"section\">\n\t\t\t\t\t\t<div class=\"elementor-container elementor-column-gap-default\">\n\t\t\t\t\t<div class=\"elementor-column elementor-col-100 elementor-top-column elementor-element elementor-element-e17a498 animated-slow elementor-invisible\" data-id=\"e17a498\" data-element_type=\"column\" data-e-type=\"column\" data-settings=\"{&quot;animation&quot;:&quot;fadeIn&quot;}\">\n\t\t\t<div class=\"elementor-widget-wrap elementor-element-populated\">\n\t\t\t\t\t\t<div class=\"elementor-element elementor-element-84933bb elementor-widget elementor-widget-heading\" data-id=\"84933bb\" data-element_type=\"widget\" data-e-type=\"widget\" data-widget_type=\"heading.default\">\n\t\t\t\t<div class=\"elementor-widget-container\">\n\t\t\t\t\t<h2 class=\"elementor-heading-title elementor-size-default\">F\u00fcr weitere Informationen f\u00fcllen Sie bitte das Formular aus, wir werden Sie so schnell wie m\u00f6glich anrufen.<\/h2>\t\t\t\t<\/div>\n\t\t\t\t<\/div>\n\t\t\t\t\t<\/div>\n\t\t<\/div>\n\t\t\t\t\t<\/div>\n\t\t<\/section>\n\t\t\t\t<section class=\"elementor-section elementor-top-section elementor-element elementor-element-c893e18 elementor-section-boxed elementor-section-height-default elementor-section-height-default\" data-id=\"c893e18\" data-element_type=\"section\" data-e-type=\"section\">\n\t\t\t\t\t\t<div class=\"elementor-container elementor-column-gap-default\">\n\t\t\t\t\t<div class=\"elementor-column elementor-col-100 elementor-top-column elementor-element elementor-element-68ebf56\" data-id=\"68ebf56\" data-element_type=\"column\" data-e-type=\"column\">\n\t\t\t<div class=\"elementor-widget-wrap elementor-element-populated\">\n\t\t\t\t\t\t<div class=\"elementor-element elementor-element-f186360 elementor-button-align-center elementor-widget elementor-widget-form\" data-id=\"f186360\" data-element_type=\"widget\" data-e-type=\"widget\" data-settings=\"{&quot;step_next_label&quot;:&quot;Suivant&quot;,&quot;step_previous_label&quot;:&quot;Pr\\u00e9c\\u00e9dent&quot;,&quot;button_width&quot;:&quot;100&quot;,&quot;step_type&quot;:&quot;number_text&quot;,&quot;step_icon_shape&quot;:&quot;circle&quot;}\" data-widget_type=\"form.default\">\n\t\t\t\t<div class=\"elementor-widget-container\">\n\t\t\t\t\t\t\t<form class=\"elementor-form\" method=\"post\" name=\"New Form\">\n\t\t\t<input type=\"hidden\" name=\"post_id\" value=\"12041\"\/>\n\t\t\t<input type=\"hidden\" name=\"form_id\" value=\"f186360\"\/>\n\t\t\t<input type=\"hidden\" name=\"referer_title\" value=\"\" \/>\n\n\t\t\t\n\t\t\t<div class=\"elementor-form-fields-wrapper elementor-labels-\">\n\t\t\t\t\t\t\t\t<div class=\"elementor-field-type-text elementor-field-group elementor-column elementor-field-group-name elementor-col-50 elementor-field-required\">\n\t\t\t\t\t\t\t\t\t\t\t\t<label for=\"form-field-name\" class=\"elementor-field-label elementor-screen-only\">\n\t\t\t\t\t\t\t\tNom\t\t\t\t\t\t\t<\/label>\n\t\t\t\t\t\t\t\t\t\t\t\t\t\t<input size=\"1\" type=\"text\" name=\"form_fields[name]\" id=\"form-field-name\" class=\"elementor-field elementor-size-sm  elementor-field-textual\" placeholder=\"Vollst\u00e4ndiger Name\" required=\"required\" aria-required=\"true\">\n\t\t\t\t\t\t\t\t\t\t\t<\/div>\n\t\t\t\t\t\t\t\t<div class=\"elementor-field-type-text elementor-field-group elementor-column elementor-field-group-field_1 elementor-col-50 elementor-field-required\">\n\t\t\t\t\t\t\t\t\t\t\t\t<label for=\"form-field-field_1\" class=\"elementor-field-label elementor-screen-only\">\n\t\t\t\t\t\t\t\tEntreprise\t\t\t\t\t\t\t<\/label>\n\t\t\t\t\t\t\t\t\t\t\t\t\t\t<input size=\"1\" type=\"text\" name=\"form_fields[field_1]\" id=\"form-field-field_1\" class=\"elementor-field elementor-size-sm  elementor-field-textual\" placeholder=\"Unternehmen\" required=\"required\" aria-required=\"true\">\n\t\t\t\t\t\t\t\t\t\t\t<\/div>\n\t\t\t\t\t\t\t\t<div class=\"elementor-field-type-text elementor-field-group elementor-column elementor-field-group-field_2 elementor-col-50 elementor-field-required\">\n\t\t\t\t\t\t\t\t\t\t\t\t<label for=\"form-field-field_2\" class=\"elementor-field-label elementor-screen-only\">\n\t\t\t\t\t\t\t\tSoci\u00e9t\u00e9\t\t\t\t\t\t\t<\/label>\n\t\t\t\t\t\t\t\t\t\t\t\t\t\t<input size=\"1\" type=\"text\" name=\"form_fields[field_2]\" id=\"form-field-field_2\" class=\"elementor-field elementor-size-sm  elementor-field-textual\" placeholder=\"Gesellschaft\" required=\"required\" aria-required=\"true\">\n\t\t\t\t\t\t\t\t\t\t\t<\/div>\n\t\t\t\t\t\t\t\t<div class=\"elementor-field-type-email elementor-field-group elementor-column elementor-field-group-email elementor-col-50 elementor-field-required\">\n\t\t\t\t\t\t\t\t\t\t\t\t<label for=\"form-field-email\" class=\"elementor-field-label elementor-screen-only\">\n\t\t\t\t\t\t\t\tEmail\t\t\t\t\t\t\t<\/label>\n\t\t\t\t\t\t\t\t\t\t\t\t\t\t<input size=\"1\" type=\"email\" name=\"form_fields[email]\" id=\"form-field-email\" class=\"elementor-field elementor-size-sm  elementor-field-textual\" placeholder=\"Email\" required=\"required\" aria-required=\"true\">\n\t\t\t\t\t\t\t\t\t\t\t<\/div>\n\t\t\t\t\t\t\t\t<div class=\"elementor-field-type-tel elementor-field-group elementor-column elementor-field-group-Mobile elementor-col-50 elementor-field-required\">\n\t\t\t\t\t\t\t\t\t\t\t\t<label for=\"form-field-Mobile\" class=\"elementor-field-label elementor-screen-only\">\n\t\t\t\t\t\t\t\tMobile\t\t\t\t\t\t\t<\/label>\n\t\t\t\t\t\t\t\t<input size=\"1\" type=\"tel\" name=\"form_fields[Mobile]\" id=\"form-field-Mobile\" class=\"elementor-field elementor-size-sm  elementor-field-textual\" placeholder=\"Mobiltelefon\" required=\"required\" aria-required=\"true\" pattern=\"[0-9()#&amp;+*-=.]+\" title=\"Nur Nummern oder Telefon-Zeichen (#, -, *, etc) werden akzeptiert.\">\n\n\t\t\t\t\t\t<\/div>\n\t\t\t\t\t\t\t\t<div class=\"elementor-field-type-text elementor-field-group elementor-column elementor-field-group-field_3 elementor-col-50 elementor-field-required\">\n\t\t\t\t\t\t\t\t\t\t\t\t<label for=\"form-field-field_3\" class=\"elementor-field-label elementor-screen-only\">\n\t\t\t\t\t\t\t\tSujet\t\t\t\t\t\t\t<\/label>\n\t\t\t\t\t\t\t\t\t\t\t\t\t\t<input size=\"1\" type=\"text\" name=\"form_fields[field_3]\" id=\"form-field-field_3\" class=\"elementor-field elementor-size-sm  elementor-field-textual\" placeholder=\"Gegenstand\" required=\"required\" aria-required=\"true\">\n\t\t\t\t\t\t\t\t\t\t\t<\/div>\n\t\t\t\t\t\t\t\t<div class=\"elementor-field-type-textarea elementor-field-group elementor-column elementor-field-group-message elementor-col-100\">\n\t\t\t\t\t\t\t\t\t\t\t\t<label for=\"form-field-message\" class=\"elementor-field-label elementor-screen-only\">\n\t\t\t\t\t\t\t\tMessage\t\t\t\t\t\t\t<\/label>\n\t\t\t\t\t\t<textarea class=\"elementor-field-textual elementor-field  elementor-size-sm\" name=\"form_fields[message]\" id=\"form-field-message\" rows=\"4\"><\/textarea>\t\t\t\t<\/div>\n\t\t\t\t\t\t\t\t<div class=\"elementor-field-type-recaptcha_v3 elementor-field-group elementor-column elementor-field-group-field_f18aaaf elementor-col-100 recaptcha_v3-bottomright\">\n\t\t\t\t\t<div class=\"elementor-field\" id=\"form-field-field_f18aaaf\"><div class=\"elementor-g-recaptcha\" data-sitekey=\"6LeP4MUlAAAAAGM6NTrwPFgZCyGo1bnZvtVz-w56\" data-type=\"v3\" data-action=\"Form\" data-badge=\"bottomright\" data-size=\"invisible\"><\/div><\/div>\t\t\t\t<\/div>\n\t\t\t\t\t\t\t\t<div class=\"elementor-field-group elementor-column elementor-field-type-submit elementor-col-100 e-form__buttons\">\n\t\t\t\t\t<button type=\"submit\" class=\"elementor-button elementor-size-sm\">\n\t\t\t\t\t\t<span >\n\t\t\t\t\t\t\t\t\t\t\t\t\t\t\t<span class=\" elementor-button-icon\">\n\t\t\t\t\t\t\t\t\t\t\t\t\t\t\t\t\t\t\t\t\t\t\t\t\t\t<\/span>\n\t\t\t\t\t\t\t\t\t\t\t\t\t\t\t\t\t\t\t\t\t\t<span class=\"elementor-button-text\">Senden Sie dieses Formular, um kontaktiert zu werden<\/span>\n\t\t\t\t\t\t\t\t\t\t\t\t\t<\/span>\n\t\t\t\t\t<\/button>\n\t\t\t\t<\/div>\n\t\t\t<\/div>\n\t\t<\/form>\n\t\t\t\t\t\t<\/div>\n\t\t\t\t<\/div>\n\t\t\t\t\t<\/div>\n\t\t<\/div>\n\t\t\t\t\t<\/div>\n\t\t<\/section>\n\t\t\t\t<\/div>\n\t\t","protected":false},"excerpt":{"rendered":"<p>Managementl\u00f6sungen f\u00fcr PETITES ENTREPRISES Entdecken Sie eine vollst\u00e4ndige Palette an Software, um Ihr Unternehmen zu verwalten. Online oder auf Ihrem Computer installiert, es liegt an Ihnen! WaysUp bietet die relevanteste Auswahl an Management-Software f\u00fcr kleine Unternehmen, die Effizienz und Budget kombinieren. Unabh\u00e4ngig von Ihrer Branche (Industrie, Transport, Handel, Service&#8230;) und Ihren Bed\u00fcrfnissen(Buchhaltung, Betriebsf\u00fchrung, Kundenbeziehungen, Logistik, [&hellip;]<\/p>\n","protected":false},"author":1,"featured_media":12052,"parent":0,"menu_order":0,"comment_status":"closed","ping_status":"closed","template":"elementor_header_footer","meta":{"footnotes":""},"yst_prominent_words":[],"class_list":["post-12041","page","type-page","status-publish","has-post-thumbnail","hentry"],"_links":{"self":[{"href":"https:\/\/waysup.ma\/de\/wp-json\/wp\/v2\/pages\/12041","targetHints":{"allow":["GET"]}}],"collection":[{"href":"https:\/\/waysup.ma\/de\/wp-json\/wp\/v2\/pages"}],"about":[{"href":"https:\/\/waysup.ma\/de\/wp-json\/wp\/v2\/types\/page"}],"author":[{"embeddable":true,"href":"https:\/\/waysup.ma\/de\/wp-json\/wp\/v2\/users\/1"}],"replies":[{"embeddable":true,"href":"https:\/\/waysup.ma\/de\/wp-json\/wp\/v2\/comments?post=12041"}],"version-history":[{"count":24,"href":"https:\/\/waysup.ma\/de\/wp-json\/wp\/v2\/pages\/12041\/revisions"}],"predecessor-version":[{"id":20991,"href":"https:\/\/waysup.ma\/de\/wp-json\/wp\/v2\/pages\/12041\/revisions\/20991"}],"wp:featuredmedia":[{"embeddable":true,"href":"https:\/\/waysup.ma\/de\/wp-json\/wp\/v2\/media\/12052"}],"wp:attachment":[{"href":"https:\/\/waysup.ma\/de\/wp-json\/wp\/v2\/media?parent=12041"}],"wp:term":[{"taxonomy":"yst_prominent_words","embeddable":true,"href":"https:\/\/waysup.ma\/de\/wp-json\/wp\/v2\/yst_prominent_words?post=12041"}],"curies":[{"name":"wp","href":"https:\/\/api.w.org\/{rel}","templated":true}]}}