{"id":12165,"date":"2019-11-11T06:27:56","date_gmt":"2019-11-11T05:27:56","guid":{"rendered":"https:\/\/waysup.eu\/videos\/"},"modified":"2020-05-04T14:51:59","modified_gmt":"2020-05-04T12:51:59","slug":"videos","status":"publish","type":"page","link":"https:\/\/waysup.ma\/de\/videos\/","title":{"rendered":"Videos"},"content":{"rendered":"\t\t<div data-elementor-type=\"wp-page\" data-elementor-id=\"12165\" class=\"elementor elementor-12165 elementor-5592\">\n\t\t\t\t\t\t<section class=\"elementor-section elementor-top-section elementor-element elementor-element-cc9c5e0 elementor-section-boxed elementor-section-height-default elementor-section-height-default\" data-id=\"cc9c5e0\" data-element_type=\"section\" data-e-type=\"section\">\n\t\t\t\t\t\t<div class=\"elementor-container elementor-column-gap-default\">\n\t\t\t\t\t<div class=\"elementor-column elementor-col-100 elementor-top-column elementor-element elementor-element-30ebc40\" data-id=\"30ebc40\" data-element_type=\"column\" data-e-type=\"column\">\n\t\t\t<div class=\"elementor-widget-wrap elementor-element-populated\">\n\t\t\t\t\t\t<div class=\"elementor-element elementor-element-fba4980 elementor-widget elementor-widget-breadcrumbs\" data-id=\"fba4980\" data-element_type=\"widget\" data-e-type=\"widget\" data-widget_type=\"breadcrumbs.default\">\n\t\t\t\t<div class=\"elementor-widget-container\">\n\t\t\t\t\t<p id=\"breadcrumbs\"><span><span class=\"breadcrumb_last\" aria-current=\"page\">Accueil<\/span><\/span><\/p>\t\t\t\t<\/div>\n\t\t\t\t<\/div>\n\t\t\t\t\t<\/div>\n\t\t<\/div>\n\t\t\t\t\t<\/div>\n\t\t<\/section>\n\t\t\t\t<section class=\"elementor-section elementor-top-section elementor-element elementor-element-51cbfcf elementor-section-boxed elementor-section-height-default elementor-section-height-default\" data-id=\"51cbfcf\" data-element_type=\"section\" data-e-type=\"section\" data-settings=\"{&quot;background_background&quot;:&quot;classic&quot;}\">\n\t\t\t\t\t\t<div class=\"elementor-container elementor-column-gap-default\">\n\t\t\t\t\t<div class=\"elementor-column elementor-col-100 elementor-top-column elementor-element elementor-element-ae8a8a9\" data-id=\"ae8a8a9\" data-element_type=\"column\" data-e-type=\"column\">\n\t\t\t<div class=\"elementor-widget-wrap elementor-element-populated\">\n\t\t\t\t\t\t<section class=\"elementor-section elementor-inner-section elementor-element elementor-element-5dcb2b4 elementor-section-height-min-height elementor-section-boxed elementor-section-height-default\" data-id=\"5dcb2b4\" data-element_type=\"section\" data-e-type=\"section\" data-settings=\"{&quot;background_background&quot;:&quot;classic&quot;}\">\n\t\t\t\t\t\t\t<div class=\"elementor-background-overlay\"><\/div>\n\t\t\t\t\t\t\t<div class=\"elementor-container elementor-column-gap-default\">\n\t\t\t\t\t<div class=\"elementor-column elementor-col-100 elementor-inner-column elementor-element elementor-element-c87fda7\" data-id=\"c87fda7\" data-element_type=\"column\" data-e-type=\"column\">\n\t\t\t<div class=\"elementor-widget-wrap elementor-element-populated\">\n\t\t\t\t\t\t<div class=\"elementor-element elementor-element-e2d256e sec-banner elementor-widget elementor-widget-heading\" data-id=\"e2d256e\" data-element_type=\"widget\" data-e-type=\"widget\" data-widget_type=\"heading.default\">\n\t\t\t\t<div class=\"elementor-widget-container\">\n\t\t\t\t\t<h1 class=\"elementor-heading-title elementor-size-xxl\"> Videos<\/h1>\t\t\t\t<\/div>\n\t\t\t\t<\/div>\n\t\t\t\t\t<\/div>\n\t\t<\/div>\n\t\t\t\t\t<\/div>\n\t\t<\/section>\n\t\t\t\t\t<\/div>\n\t\t<\/div>\n\t\t\t\t\t<\/div>\n\t\t<\/section>\n\t\t\t\t<section class=\"elementor-section elementor-top-section elementor-element elementor-element-6288f77 elementor-section-boxed elementor-section-height-default elementor-section-height-default\" data-id=\"6288f77\" data-element_type=\"section\" data-e-type=\"section\">\n\t\t\t\t\t\t<div class=\"elementor-container elementor-column-gap-default\">\n\t\t\t\t\t<div class=\"elementor-column elementor-col-100 elementor-top-column elementor-element elementor-element-7830fd8\" data-id=\"7830fd8\" data-element_type=\"column\" data-e-type=\"column\">\n\t\t\t<div class=\"elementor-widget-wrap\">\n\t\t\t\t\t\t\t<\/div>\n\t\t<\/div>\n\t\t\t\t\t<\/div>\n\t\t<\/section>\n\t\t\t\t<\/div>\n\t\t","protected":false},"excerpt":{"rendered":"<p>Videos WaysUp Sage 100cloud Sage 50cloud Sage One Rechtliche Hinweise Software-Demonstration Play Video Einf\u00fchrung in WaysUp WaysUp Distributor und Integrator der Sage- und EBP-Managementl\u00f6sung Play Video WaysUp 2018 W\u00fcnsche WaysUp w\u00fcnscht Ihnen ein wunderbares 2018. Play Video Sage 100Connect Erfahren Sie mehr: https:\/\/www.sage.com\/fr-fr\/produits\/sage-100c\/ Play Video Sage 100cloud und Microsoft Flow Beschleunigen Sie Ihre Validierungsschaltungen mit [&hellip;]<\/p>\n","protected":false},"author":1,"featured_media":12356,"parent":0,"menu_order":0,"comment_status":"closed","ping_status":"closed","template":"elementor_header_footer","meta":{"footnotes":""},"yst_prominent_words":[2406,2405,2397,2401,2398,2410,1552,2394,2393,2403,2414,2396,148,133,984,2413,2395,2408,2392,2399],"class_list":["post-12165","page","type-page","status-publish","has-post-thumbnail","hentry"],"_links":{"self":[{"href":"https:\/\/waysup.ma\/de\/wp-json\/wp\/v2\/pages\/12165","targetHints":{"allow":["GET"]}}],"collection":[{"href":"https:\/\/waysup.ma\/de\/wp-json\/wp\/v2\/pages"}],"about":[{"href":"https:\/\/waysup.ma\/de\/wp-json\/wp\/v2\/types\/page"}],"author":[{"embeddable":true,"href":"https:\/\/waysup.ma\/de\/wp-json\/wp\/v2\/users\/1"}],"replies":[{"embeddable":true,"href":"https:\/\/waysup.ma\/de\/wp-json\/wp\/v2\/comments?post=12165"}],"version-history":[{"count":5,"href":"https:\/\/waysup.ma\/de\/wp-json\/wp\/v2\/pages\/12165\/revisions"}],"predecessor-version":[{"id":14623,"href":"https:\/\/waysup.ma\/de\/wp-json\/wp\/v2\/pages\/12165\/revisions\/14623"}],"wp:featuredmedia":[{"embeddable":true,"href":"https:\/\/waysup.ma\/de\/wp-json\/wp\/v2\/media\/12356"}],"wp:attachment":[{"href":"https:\/\/waysup.ma\/de\/wp-json\/wp\/v2\/media?parent=12165"}],"wp:term":[{"taxonomy":"yst_prominent_words","embeddable":true,"href":"https:\/\/waysup.ma\/de\/wp-json\/wp\/v2\/yst_prominent_words?post=12165"}],"curies":[{"name":"wp","href":"https:\/\/api.w.org\/{rel}","templated":true}]}}