{"id":9082,"date":"2019-11-08T11:16:22","date_gmt":"2019-11-08T10:16:22","guid":{"rendered":"https:\/\/waysup.eu\/nachrichten\/"},"modified":"2020-04-11T16:47:31","modified_gmt":"2020-04-11T14:47:31","slug":"nachrichten","status":"publish","type":"page","link":"https:\/\/waysup.ma\/de\/nachrichten\/","title":{"rendered":"Nachrichten"},"content":{"rendered":"\t\t<div data-elementor-type=\"wp-page\" data-elementor-id=\"9082\" class=\"elementor elementor-9082 elementor-3925\">\n\t\t\t\t\t\t<section class=\"elementor-section elementor-top-section elementor-element elementor-element-e4e0901 elementor-section-boxed elementor-section-height-default elementor-section-height-default\" data-id=\"e4e0901\" data-element_type=\"section\" data-e-type=\"section\">\n\t\t\t\t\t\t<div class=\"elementor-container elementor-column-gap-default\">\n\t\t\t\t\t<div class=\"elementor-column elementor-col-100 elementor-top-column elementor-element elementor-element-b776cb8\" data-id=\"b776cb8\" data-element_type=\"column\" data-e-type=\"column\">\n\t\t\t<div class=\"elementor-widget-wrap elementor-element-populated\">\n\t\t\t\t\t\t<div class=\"elementor-element elementor-element-69cd607 elementor-widget elementor-widget-breadcrumbs\" data-id=\"69cd607\" data-element_type=\"widget\" data-e-type=\"widget\" data-widget_type=\"breadcrumbs.default\">\n\t\t\t\t<div class=\"elementor-widget-container\">\n\t\t\t\t\t<p id=\"breadcrumbs\"><span><span class=\"breadcrumb_last\" aria-current=\"page\">Accueil<\/span><\/span><\/p>\t\t\t\t<\/div>\n\t\t\t\t<\/div>\n\t\t\t\t\t<\/div>\n\t\t<\/div>\n\t\t\t\t\t<\/div>\n\t\t<\/section>\n\t\t\t\t<section class=\"elementor-section elementor-top-section elementor-element elementor-element-c2363c6 elementor-section-boxed elementor-section-height-default elementor-section-height-default\" data-id=\"c2363c6\" data-element_type=\"section\" data-e-type=\"section\" data-settings=\"{&quot;background_background&quot;:&quot;classic&quot;}\">\n\t\t\t\t\t\t<div class=\"elementor-container elementor-column-gap-default\">\n\t\t\t\t\t<div class=\"elementor-column elementor-col-100 elementor-top-column elementor-element elementor-element-a3d85bf\" data-id=\"a3d85bf\" data-element_type=\"column\" data-e-type=\"column\">\n\t\t\t<div class=\"elementor-widget-wrap elementor-element-populated\">\n\t\t\t\t\t\t<section class=\"elementor-section elementor-inner-section elementor-element elementor-element-34e8e0a elementor-section-height-min-height elementor-section-boxed elementor-section-height-default\" data-id=\"34e8e0a\" data-element_type=\"section\" data-e-type=\"section\" data-settings=\"{&quot;background_background&quot;:&quot;classic&quot;}\">\n\t\t\t\t\t\t\t<div class=\"elementor-background-overlay\"><\/div>\n\t\t\t\t\t\t\t<div class=\"elementor-container elementor-column-gap-default\">\n\t\t\t\t\t<div class=\"elementor-column elementor-col-100 elementor-inner-column elementor-element elementor-element-803c9c2\" data-id=\"803c9c2\" data-element_type=\"column\" data-e-type=\"column\">\n\t\t\t<div class=\"elementor-widget-wrap elementor-element-populated\">\n\t\t\t\t\t\t<div class=\"elementor-element elementor-element-56abddc sec-banner elementor-widget elementor-widget-heading\" data-id=\"56abddc\" data-element_type=\"widget\" data-e-type=\"widget\" data-widget_type=\"heading.default\">\n\t\t\t\t<div class=\"elementor-widget-container\">\n\t\t\t\t\t<h1 class=\"elementor-heading-title elementor-size-xxl\">Nachrichten<\/h1>\t\t\t\t<\/div>\n\t\t\t\t<\/div>\n\t\t\t\t\t<\/div>\n\t\t<\/div>\n\t\t\t\t\t<\/div>\n\t\t<\/section>\n\t\t\t\t\t<\/div>\n\t\t<\/div>\n\t\t\t\t\t<\/div>\n\t\t<\/section>\n\t\t\t\t<section class=\"elementor-section elementor-top-section elementor-element elementor-element-a80b219 elementor-section-boxed elementor-section-height-default elementor-section-height-default\" data-id=\"a80b219\" data-element_type=\"section\" data-e-type=\"section\">\n\t\t\t\t\t\t<div class=\"elementor-container elementor-column-gap-default\">\n\t\t\t\t\t<div class=\"elementor-column elementor-col-100 elementor-top-column elementor-element elementor-element-38f4fd5\" data-id=\"38f4fd5\" data-element_type=\"column\" data-e-type=\"column\">\n\t\t\t<div class=\"elementor-widget-wrap elementor-element-populated\">\n\t\t\t\t\t\t<div class=\"elementor-element elementor-element-2e5e80a elementor-grid-3 elementor-grid-tablet-2 elementor-grid-mobile-1 elementor-posts--thumbnail-top elementor-card-shadow-yes elementor-posts__hover-gradient elementor-widget elementor-widget-posts\" data-id=\"2e5e80a\" data-element_type=\"widget\" data-e-type=\"widget\" data-settings=\"{&quot;pagination_type&quot;:&quot;numbers&quot;,&quot;cards_columns&quot;:&quot;3&quot;,&quot;cards_columns_tablet&quot;:&quot;2&quot;,&quot;cards_columns_mobile&quot;:&quot;1&quot;,&quot;cards_row_gap&quot;:{&quot;unit&quot;:&quot;px&quot;,&quot;size&quot;:35,&quot;sizes&quot;:[]},&quot;cards_row_gap_tablet&quot;:{&quot;unit&quot;:&quot;px&quot;,&quot;size&quot;:&quot;&quot;,&quot;sizes&quot;:[]},&quot;cards_row_gap_mobile&quot;:{&quot;unit&quot;:&quot;px&quot;,&quot;size&quot;:&quot;&quot;,&quot;sizes&quot;:[]}}\" data-widget_type=\"posts.cards\">\n\t\t\t\t<div class=\"elementor-widget-container\">\n\t\t\t\t\t\t\t<div class=\"elementor-posts-container elementor-posts elementor-posts--skin-cards elementor-grid\">\n\t\t\t\t<article class=\"elementor-post elementor-grid-item post-14305 post type-post status-publish format-standard has-post-thumbnail hentry category-steuer category-steuer-und-wirtschaftsprufer\">\n\t\t\t<div class=\"elementor-post__card\">\n\t\t\t\t<a class=\"elementor-post__thumbnail__link\" href=\"https:\/\/waysup.ma\/de\/bestehen-sie-ihren-jahresabschluss-auf-sage-100cloud-accounting\/\" ><div class=\"elementor-post__thumbnail\"><img decoding=\"async\" width=\"300\" height=\"95\" src=\"https:\/\/waysup.ma\/wp-content\/uploads\/2019\/12\/image-555-300x95.jpg\" class=\"attachment-medium size-medium wp-image-14274\" alt=\"\" srcset=\"https:\/\/waysup.ma\/wp-content\/uploads\/2019\/12\/image-555-300x95.jpg 300w, https:\/\/waysup.ma\/wp-content\/uploads\/2019\/12\/image-555-1024x326.jpg 1024w, https:\/\/waysup.ma\/wp-content\/uploads\/2019\/12\/image-555-768x244.jpg 768w, https:\/\/waysup.ma\/wp-content\/uploads\/2019\/12\/image-555-1536x489.jpg 1536w, https:\/\/waysup.ma\/wp-content\/uploads\/2019\/12\/image-555.jpg 1600w\" sizes=\"(max-width: 300px) 100vw, 300px\" \/><\/div><\/a>\n\t\t\t\t<div class=\"elementor-post__badge\">Steuer<\/div>\n\t\t\t\t<div class=\"elementor-post__text\">\n\t\t\t\t<h3 class=\"elementor-post__title\">\n\t\t\t<a href=\"https:\/\/waysup.ma\/de\/bestehen-sie-ihren-jahresabschluss-auf-sage-100cloud-accounting\/\" >\n\t\t\t\tBestehen Sie Ihren jahresabschluss auf Sage 100cloud Accounting\t\t\t<\/a>\n\t\t<\/h3>\n\t\t\t\t<div class=\"elementor-post__excerpt\">\n\t\t\t<p>https:\/\/www.youtube.com\/watch?v=lAv9SFVoeVw&#038;list=PLzoSvuWIsmU9TXCwobSSMp-oqJZC5dY68&#038;index=3&#038;t=0s Durch dieses Video k\u00f6nnen Sie Ihre Buchhaltungsabschluss auf Sage 100cloud Accounting erreichen. Eine Reihe von Schritten bleibt jedoch von wesentlicher Bedeutung: Buchhaltungsdatenkontrolle: \u00dcberpr\u00fcfen sie<\/p>\n\t\t<\/div>\n\t\t\n\t\t<a class=\"elementor-post__read-more\" href=\"https:\/\/waysup.ma\/de\/bestehen-sie-ihren-jahresabschluss-auf-sage-100cloud-accounting\/\" aria-label=\"Read more about Bestehen Sie Ihren jahresabschluss auf Sage 100cloud Accounting\" >\n\t\t\tRead More \u00bb\t\t<\/a>\n\n\t\t\t\t<\/div>\n\t\t\t\t\t<\/div>\n\t\t<\/article>\n\t\t\t\t<article class=\"elementor-post elementor-grid-item post-14290 post type-post status-publish format-standard has-post-thumbnail hentry category-technology\">\n\t\t\t<div class=\"elementor-post__card\">\n\t\t\t\t<a class=\"elementor-post__thumbnail__link\" href=\"https:\/\/waysup.ma\/de\/boomender-globaler-markt-mit-intuit-technologie-in-der-cloud-verfuegbar\/\" ><div class=\"elementor-post__thumbnail\"><img fetchpriority=\"high\" decoding=\"async\" width=\"300\" height=\"200\" src=\"https:\/\/waysup.ma\/wp-content\/uploads\/2019\/12\/cloude-300x200.jpg\" class=\"attachment-medium size-medium wp-image-14196\" alt=\"BOOMENDER WELTMARKT MIT INTUIT-TECHNOLOGIE IN DER CLOUD VERF\u00dcGBAR\" srcset=\"https:\/\/waysup.ma\/wp-content\/uploads\/2019\/12\/cloude-300x200.jpg 300w, https:\/\/waysup.ma\/wp-content\/uploads\/2019\/12\/cloude-768x512.jpg 768w, https:\/\/waysup.ma\/wp-content\/uploads\/2019\/12\/cloude.jpg 1000w\" sizes=\"(max-width: 300px) 100vw, 300px\" \/><\/div><\/a>\n\t\t\t\t<div class=\"elementor-post__badge\">technology<\/div>\n\t\t\t\t<div class=\"elementor-post__text\">\n\t\t\t\t<h3 class=\"elementor-post__title\">\n\t\t\t<a href=\"https:\/\/waysup.ma\/de\/boomender-globaler-markt-mit-intuit-technologie-in-der-cloud-verfuegbar\/\" >\n\t\t\t\tBoomender globaler Markt mit Intuit-Technologie in der Cloud verf\u00fcgbar\t\t\t<\/a>\n\t\t<\/h3>\n\t\t\t\t<div class=\"elementor-post__excerpt\">\n\t\t\t<p>Ein gr\u00f6\u00dferer Kundenstamm ist das oberste Ziel einer Unternehmensorganisation, Die Erreichung dieses Ziels ist nicht so praktisch. Es braucht jahrelanges Engagement und ein kompatibles Personal<\/p>\n\t\t<\/div>\n\t\t\n\t\t<a class=\"elementor-post__read-more\" href=\"https:\/\/waysup.ma\/de\/boomender-globaler-markt-mit-intuit-technologie-in-der-cloud-verfuegbar\/\" aria-label=\"Read more about Boomender globaler Markt mit Intuit-Technologie in der Cloud verf\u00fcgbar\" >\n\t\t\tRead More \u00bb\t\t<\/a>\n\n\t\t\t\t<\/div>\n\t\t\t\t\t<\/div>\n\t\t<\/article>\n\t\t\t\t<article class=\"elementor-post elementor-grid-item post-14206 post type-post status-publish format-standard has-post-thumbnail hentry category-technology\">\n\t\t\t<div class=\"elementor-post__card\">\n\t\t\t\t<a class=\"elementor-post__thumbnail__link\" href=\"https:\/\/waysup.ma\/de\/waehlen-sie-die-beste-management-software-fuer-ihr-unternehmen\/\" ><div class=\"elementor-post__thumbnail\"><img decoding=\"async\" width=\"300\" height=\"197\" src=\"https:\/\/waysup.ma\/wp-content\/uploads\/2019\/12\/choose-300x197.jpg\" class=\"attachment-medium size-medium wp-image-14193\" alt=\"W\u00c4HLEN SIE DIE BESTE MANAGEMENT-SOFTWARE F\u00dcR IHR UNTERNEHMEN\" srcset=\"https:\/\/waysup.ma\/wp-content\/uploads\/2019\/12\/choose-300x197.jpg 300w, https:\/\/waysup.ma\/wp-content\/uploads\/2019\/12\/choose-768x506.jpg 768w, https:\/\/waysup.ma\/wp-content\/uploads\/2019\/12\/choose.jpg 1024w\" sizes=\"(max-width: 300px) 100vw, 300px\" \/><\/div><\/a>\n\t\t\t\t<div class=\"elementor-post__badge\">technology<\/div>\n\t\t\t\t<div class=\"elementor-post__text\">\n\t\t\t\t<h3 class=\"elementor-post__title\">\n\t\t\t<a href=\"https:\/\/waysup.ma\/de\/waehlen-sie-die-beste-management-software-fuer-ihr-unternehmen\/\" >\n\t\t\t\tW\u00e4hlen Sie die beste Management-Software f\u00fcr Ihr Unternehmen\t\t\t<\/a>\n\t\t<\/h3>\n\t\t\t\t<div class=\"elementor-post__excerpt\">\n\t\t\t<p>Wenn es um die Auswahl von Management-Software f\u00fcr eine Unternehmensorganisation geht, ist es eine richtige Entscheidung zu treffen, um den reibungslosen Ablauf des Gesch\u00e4fts zu<\/p>\n\t\t<\/div>\n\t\t\n\t\t<a class=\"elementor-post__read-more\" href=\"https:\/\/waysup.ma\/de\/waehlen-sie-die-beste-management-software-fuer-ihr-unternehmen\/\" aria-label=\"Read more about W\u00e4hlen Sie die beste Management-Software f\u00fcr Ihr Unternehmen\" >\n\t\t\tRead More \u00bb\t\t<\/a>\n\n\t\t\t\t<\/div>\n\t\t\t\t\t<\/div>\n\t\t<\/article>\n\t\t\t\t<article class=\"elementor-post elementor-grid-item post-13446 post type-post status-publish format-standard has-post-thumbnail hentry category-bereich category-gamme tag-sage-100cloud tag-weise-100cloud\">\n\t\t\t<div class=\"elementor-post__card\">\n\t\t\t\t<a class=\"elementor-post__thumbnail__link\" href=\"https:\/\/waysup.ma\/de\/eine-neue-version-von-sage-100cloud-recovery-receivables\/\" ><div class=\"elementor-post__thumbnail\"><img loading=\"lazy\" decoding=\"async\" width=\"300\" height=\"75\" src=\"https:\/\/waysup.ma\/wp-content\/uploads\/2019\/11\/sage-rec-300x75.jpg\" class=\"attachment-medium size-medium wp-image-13439\" alt=\"\" srcset=\"https:\/\/waysup.ma\/wp-content\/uploads\/2019\/11\/sage-rec-300x75.jpg 300w, https:\/\/waysup.ma\/wp-content\/uploads\/2019\/11\/sage-rec-768x192.jpg 768w, https:\/\/waysup.ma\/wp-content\/uploads\/2019\/11\/sage-rec.jpg 960w\" sizes=\"(max-width: 300px) 100vw, 300px\" \/><\/div><\/a>\n\t\t\t\t<div class=\"elementor-post__badge\">Bereich<\/div>\n\t\t\t\t<div class=\"elementor-post__text\">\n\t\t\t\t<h3 class=\"elementor-post__title\">\n\t\t\t<a href=\"https:\/\/waysup.ma\/de\/eine-neue-version-von-sage-100cloud-recovery-receivables\/\" >\n\t\t\t\tEine neue Version von Sage 100cloud Recovery Receivables\t\t\t<\/a>\n\t\t<\/h3>\n\t\t\t\t<div class=\"elementor-post__excerpt\">\n\t\t\t<p>Funktionen und Kundennutzen Prozess durch das St\u00fcck Sage Recovery Receivables bot bereits die M\u00f6glichkeit, einen Kunden in Streit zu bringen. Die neue st\u00fcckweise Prozessfunktion erm\u00f6glicht<\/p>\n\t\t<\/div>\n\t\t\n\t\t<a class=\"elementor-post__read-more\" href=\"https:\/\/waysup.ma\/de\/eine-neue-version-von-sage-100cloud-recovery-receivables\/\" aria-label=\"Read more about Eine neue Version von Sage 100cloud Recovery Receivables\" >\n\t\t\tRead More \u00bb\t\t<\/a>\n\n\t\t\t\t<\/div>\n\t\t\t\t\t<\/div>\n\t\t<\/article>\n\t\t\t\t<article class=\"elementor-post elementor-grid-item post-12650 post type-post status-publish format-standard has-post-thumbnail hentry category-gamme tag-sage-100cloud tag-sage-50cloud\">\n\t\t\t<div class=\"elementor-post__card\">\n\t\t\t\t<a class=\"elementor-post__thumbnail__link\" href=\"https:\/\/waysup.ma\/de\/sage-stellt-neue-generation-von-managementloesungen-vor\/\" ><div class=\"elementor-post__thumbnail\"><img loading=\"lazy\" decoding=\"async\" width=\"300\" height=\"109\" src=\"https:\/\/waysup.ma\/wp-content\/uploads\/2019\/10\/Page-Header-Banner_3-300x109.jpg\" class=\"attachment-medium size-medium wp-image-9056\" alt=\"Sage 100Cloud Version 6\" srcset=\"https:\/\/waysup.ma\/wp-content\/uploads\/2019\/10\/Page-Header-Banner_3-300x109.jpg 300w, https:\/\/waysup.ma\/wp-content\/uploads\/2019\/10\/Page-Header-Banner_3-768x280.jpg 768w, https:\/\/waysup.ma\/wp-content\/uploads\/2019\/10\/Page-Header-Banner_3-1024x373.jpg 1024w, https:\/\/waysup.ma\/wp-content\/uploads\/2019\/10\/Page-Header-Banner_3.jpg 1920w\" sizes=\"(max-width: 300px) 100vw, 300px\" \/><\/div><\/a>\n\t\t\t\t<div class=\"elementor-post__badge\">Gamme<\/div>\n\t\t\t\t<div class=\"elementor-post__text\">\n\t\t\t\t<h3 class=\"elementor-post__title\">\n\t\t\t<a href=\"https:\/\/waysup.ma\/de\/sage-stellt-neue-generation-von-managementloesungen-vor\/\" >\n\t\t\t\tSage stellt neue Generation von Managementl\u00f6sungen vor\t\t\t<\/a>\n\t\t<\/h3>\n\t\t\t\t<div class=\"elementor-post__excerpt\">\n\t\t\t<p>Der Anfang des Jahres 2017 wird durch die gro\u00dfen Einf\u00fchrungen in Frankreich von globalen L\u00f6sungen, Sage One und Sage Live, sowie Sage 50c und Sage<\/p>\n\t\t<\/div>\n\t\t\n\t\t<a class=\"elementor-post__read-more\" href=\"https:\/\/waysup.ma\/de\/sage-stellt-neue-generation-von-managementloesungen-vor\/\" aria-label=\"Read more about Sage stellt neue Generation von Managementl\u00f6sungen vor\" >\n\t\t\tRead More \u00bb\t\t<\/a>\n\n\t\t\t\t<\/div>\n\t\t\t\t\t<\/div>\n\t\t<\/article>\n\t\t\t\t<article class=\"elementor-post elementor-grid-item post-12648 post type-post status-publish format-standard has-post-thumbnail hentry category-social category-sozial tag-sage-paie tag-social tag-sozial tag-weise-zahlt\">\n\t\t\t<div class=\"elementor-post__card\">\n\t\t\t\t<a class=\"elementor-post__thumbnail__link\" href=\"https:\/\/waysup.ma\/de\/einfuehrung-des-sage-rh-dematerialisierungsangebots\/\" ><div class=\"elementor-post__thumbnail\"><img loading=\"lazy\" decoding=\"async\" width=\"300\" height=\"160\" src=\"https:\/\/waysup.ma\/wp-content\/uploads\/2017\/05\/2-1-300x160.jpg\" class=\"attachment-medium size-medium wp-image-9273\" alt=\"Einf\u00fchrung des Sage HR Dematerialisierungsangebots\" srcset=\"https:\/\/waysup.ma\/wp-content\/uploads\/2017\/05\/2-1-300x160.jpg 300w, https:\/\/waysup.ma\/wp-content\/uploads\/2017\/05\/2-1-768x409.jpg 768w, https:\/\/waysup.ma\/wp-content\/uploads\/2017\/05\/2-1.jpg 1000w\" sizes=\"(max-width: 300px) 100vw, 300px\" \/><\/div><\/a>\n\t\t\t\t<div class=\"elementor-post__badge\">Social<\/div>\n\t\t\t\t<div class=\"elementor-post__text\">\n\t\t\t\t<h3 class=\"elementor-post__title\">\n\t\t\t<a href=\"https:\/\/waysup.ma\/de\/einfuehrung-des-sage-rh-dematerialisierungsangebots\/\" >\n\t\t\t\tEinf\u00fchrung des Sage RH Dematerialisierungsangebots\t\t\t<\/a>\n\t\t<\/h3>\n\t\t\t\t<div class=\"elementor-post__excerpt\">\n\t\t\t<p>Unterst\u00fctzen Sie Ihre Kunden bei der Verbesserung der Produktivit\u00e4t ihrer mobilen Mitarbeiter Mit Sage Document Managerk\u00f6nnen die reisenden Mitarbeiter Ihrer Kunden an jedem Ort und<\/p>\n\t\t<\/div>\n\t\t\n\t\t<a class=\"elementor-post__read-more\" href=\"https:\/\/waysup.ma\/de\/einfuehrung-des-sage-rh-dematerialisierungsangebots\/\" aria-label=\"Read more about Einf\u00fchrung des Sage RH Dematerialisierungsangebots\" >\n\t\t\tRead More \u00bb\t\t<\/a>\n\n\t\t\t\t<\/div>\n\t\t\t\t\t<\/div>\n\t\t<\/article>\n\t\t\t\t<\/div>\n\t\t\n\t\t\t\t<div class=\"e-load-more-anchor\" data-page=\"1\" data-max-page=\"7\" data-next-page=\"https:\/\/waysup.ma\/de\/wp-json\/wp\/v2\/pages\/9082\/page\/2\/\"><\/div>\n\t\t\t\t<nav class=\"elementor-pagination\" aria-label=\"Paginierung\">\n\t\t\t<span aria-current=\"page\" class=\"page-numbers current\"><span class=\"elementor-screen-only\">Seite<\/span>1<\/span>\n<a class=\"page-numbers\" href=\"https:\/\/waysup.ma\/de\/wp-json\/wp\/v2\/pages\/9082\/page\/2\/\"><span class=\"elementor-screen-only\">Seite<\/span>2<\/a>\n<a class=\"page-numbers\" href=\"https:\/\/waysup.ma\/de\/wp-json\/wp\/v2\/pages\/9082\/page\/3\/\"><span class=\"elementor-screen-only\">Seite<\/span>3<\/a>\n<a class=\"page-numbers\" href=\"https:\/\/waysup.ma\/de\/wp-json\/wp\/v2\/pages\/9082\/page\/4\/\"><span class=\"elementor-screen-only\">Seite<\/span>4<\/a>\n<a class=\"page-numbers\" href=\"https:\/\/waysup.ma\/de\/wp-json\/wp\/v2\/pages\/9082\/page\/5\/\"><span class=\"elementor-screen-only\">Seite<\/span>5<\/a>\t\t<\/nav>\n\t\t\t\t\t\t<\/div>\n\t\t\t\t<\/div>\n\t\t\t\t\t<\/div>\n\t\t<\/div>\n\t\t\t\t\t<\/div>\n\t\t<\/section>\n\t\t\t\t<\/div>\n\t\t","protected":false},"excerpt":{"rendered":"<p>Nachrichten<\/p>\n","protected":false},"author":1,"featured_media":9280,"parent":0,"menu_order":0,"comment_status":"open","ping_status":"closed","template":"elementor_header_footer","meta":{"footnotes":""},"yst_prominent_words":[249,259,246,251,245,244,243,250,260,258,253,248,256,148,134,257,247,255,254,252],"class_list":["post-9082","page","type-page","status-publish","has-post-thumbnail","hentry"],"_links":{"self":[{"href":"https:\/\/waysup.ma\/de\/wp-json\/wp\/v2\/pages\/9082","targetHints":{"allow":["GET"]}}],"collection":[{"href":"https:\/\/waysup.ma\/de\/wp-json\/wp\/v2\/pages"}],"about":[{"href":"https:\/\/waysup.ma\/de\/wp-json\/wp\/v2\/types\/page"}],"author":[{"embeddable":true,"href":"https:\/\/waysup.ma\/de\/wp-json\/wp\/v2\/users\/1"}],"replies":[{"embeddable":true,"href":"https:\/\/waysup.ma\/de\/wp-json\/wp\/v2\/comments?post=9082"}],"version-history":[{"count":12,"href":"https:\/\/waysup.ma\/de\/wp-json\/wp\/v2\/pages\/9082\/revisions"}],"predecessor-version":[{"id":14477,"href":"https:\/\/waysup.ma\/de\/wp-json\/wp\/v2\/pages\/9082\/revisions\/14477"}],"wp:featuredmedia":[{"embeddable":true,"href":"https:\/\/waysup.ma\/de\/wp-json\/wp\/v2\/media\/9280"}],"wp:attachment":[{"href":"https:\/\/waysup.ma\/de\/wp-json\/wp\/v2\/media?parent=9082"}],"wp:term":[{"taxonomy":"yst_prominent_words","embeddable":true,"href":"https:\/\/waysup.ma\/de\/wp-json\/wp\/v2\/yst_prominent_words?post=9082"}],"curies":[{"name":"wp","href":"https:\/\/api.w.org\/{rel}","templated":true}]}}