{"id":9317,"date":"2019-11-08T11:17:37","date_gmt":"2019-11-08T10:17:37","guid":{"rendered":"https:\/\/waysup.eu\/bibliothek\/"},"modified":"2022-12-14T10:28:53","modified_gmt":"2022-12-14T09:28:53","slug":"bibliothek","status":"publish","type":"page","link":"https:\/\/waysup.ma\/de\/bibliothek\/","title":{"rendered":"Bibliothek"},"content":{"rendered":"\t\t<div data-elementor-type=\"wp-page\" data-elementor-id=\"9317\" class=\"elementor elementor-9317 elementor-6353\">\n\t\t\t\t\t\t<section class=\"elementor-section elementor-top-section elementor-element elementor-element-29a2a2d elementor-section-boxed elementor-section-height-default elementor-section-height-default\" data-id=\"29a2a2d\" data-element_type=\"section\" data-e-type=\"section\">\n\t\t\t\t\t\t<div class=\"elementor-container elementor-column-gap-default\">\n\t\t\t\t\t<div class=\"elementor-column elementor-col-100 elementor-top-column elementor-element elementor-element-a696dc8\" data-id=\"a696dc8\" data-element_type=\"column\" data-e-type=\"column\">\n\t\t\t<div class=\"elementor-widget-wrap elementor-element-populated\">\n\t\t\t\t\t\t<div class=\"elementor-element elementor-element-2fe9114 elementor-widget elementor-widget-breadcrumbs\" data-id=\"2fe9114\" data-element_type=\"widget\" data-e-type=\"widget\" data-widget_type=\"breadcrumbs.default\">\n\t\t\t\t<div class=\"elementor-widget-container\">\n\t\t\t\t\t<p id=\"breadcrumbs\"><span><span class=\"breadcrumb_last\" aria-current=\"page\">Accueil<\/span><\/span><\/p>\t\t\t\t<\/div>\n\t\t\t\t<\/div>\n\t\t\t\t\t<\/div>\n\t\t<\/div>\n\t\t\t\t\t<\/div>\n\t\t<\/section>\n\t\t\t\t<section class=\"elementor-section elementor-top-section elementor-element elementor-element-42eb54d elementor-section-boxed elementor-section-height-default elementor-section-height-default\" data-id=\"42eb54d\" data-element_type=\"section\" data-e-type=\"section\" data-settings=\"{&quot;background_background&quot;:&quot;classic&quot;}\">\n\t\t\t\t\t\t<div class=\"elementor-container elementor-column-gap-default\">\n\t\t\t\t\t<div class=\"elementor-column elementor-col-100 elementor-top-column elementor-element elementor-element-b0a7e24\" data-id=\"b0a7e24\" data-element_type=\"column\" data-e-type=\"column\">\n\t\t\t<div class=\"elementor-widget-wrap elementor-element-populated\">\n\t\t\t\t\t\t<section class=\"elementor-section elementor-inner-section elementor-element elementor-element-8e300cf elementor-section-height-min-height elementor-section-boxed elementor-section-height-default\" data-id=\"8e300cf\" data-element_type=\"section\" data-e-type=\"section\" data-settings=\"{&quot;background_background&quot;:&quot;classic&quot;}\">\n\t\t\t\t\t\t\t<div class=\"elementor-background-overlay\"><\/div>\n\t\t\t\t\t\t\t<div class=\"elementor-container elementor-column-gap-default\">\n\t\t\t\t\t<div class=\"elementor-column elementor-col-100 elementor-inner-column elementor-element elementor-element-2bf4ea2\" data-id=\"2bf4ea2\" data-element_type=\"column\" data-e-type=\"column\">\n\t\t\t<div class=\"elementor-widget-wrap elementor-element-populated\">\n\t\t\t\t\t\t<div class=\"elementor-element elementor-element-06b4bf4 sec-banner elementor-widget elementor-widget-heading\" data-id=\"06b4bf4\" data-element_type=\"widget\" data-e-type=\"widget\" data-widget_type=\"heading.default\">\n\t\t\t\t<div class=\"elementor-widget-container\">\n\t\t\t\t\t<h1 class=\"elementor-heading-title elementor-size-xxl\">Bibliothek<\/h1>\t\t\t\t<\/div>\n\t\t\t\t<\/div>\n\t\t\t\t\t<\/div>\n\t\t<\/div>\n\t\t\t\t\t<\/div>\n\t\t<\/section>\n\t\t\t\t\t<\/div>\n\t\t<\/div>\n\t\t\t\t\t<\/div>\n\t\t<\/section>\n\t\t\t\t<section class=\"elementor-section elementor-top-section elementor-element elementor-element-8b330e4 elementor-section-boxed elementor-section-height-default elementor-section-height-default\" data-id=\"8b330e4\" data-element_type=\"section\" data-e-type=\"section\">\n\t\t\t\t\t\t<div class=\"elementor-container elementor-column-gap-default\">\n\t\t\t\t\t<div class=\"elementor-column elementor-col-50 elementor-top-column elementor-element elementor-element-d3c0d77\" data-id=\"d3c0d77\" data-element_type=\"column\" data-e-type=\"column\">\n\t\t\t<div class=\"elementor-widget-wrap elementor-element-populated\">\n\t\t\t\t\t\t<div class=\"elementor-element elementor-element-c299066 animated-slow elementor-invisible elementor-widget elementor-widget-image\" data-id=\"c299066\" data-element_type=\"widget\" data-e-type=\"widget\" data-settings=\"{&quot;_animation&quot;:&quot;fadeIn&quot;}\" data-widget_type=\"image.default\">\n\t\t\t\t<div class=\"elementor-widget-container\">\n\t\t\t\t\t\t\t\t\t\t\t\t\t\t\t<img fetchpriority=\"high\" decoding=\"async\" width=\"800\" height=\"600\" src=\"https:\/\/waysup.ma\/wp-content\/uploads\/2018\/07\/guide-gestion-book-1-1024x768.png\" class=\"attachment-large size-large wp-image-9324\" alt=\"Management Guide: So schreiben Sie eine Spezifikation f\u00fcr Ihr zuk\u00fcnftiges Management-Softwarepaket\" srcset=\"https:\/\/waysup.ma\/wp-content\/uploads\/2018\/07\/guide-gestion-book-1.png 1024w, https:\/\/waysup.ma\/wp-content\/uploads\/2018\/07\/guide-gestion-book-1-300x225.png 300w, https:\/\/waysup.ma\/wp-content\/uploads\/2018\/07\/guide-gestion-book-1-768x576.png 768w\" sizes=\"(max-width: 800px) 100vw, 800px\" \/>\t\t\t\t\t\t\t\t\t\t\t\t\t\t\t<\/div>\n\t\t\t\t<\/div>\n\t\t\t\t\t<\/div>\n\t\t<\/div>\n\t\t\t\t<div class=\"elementor-column elementor-col-50 elementor-top-column elementor-element elementor-element-795fd10\" data-id=\"795fd10\" data-element_type=\"column\" data-e-type=\"column\">\n\t\t\t<div class=\"elementor-widget-wrap elementor-element-populated\">\n\t\t\t\t\t\t<div class=\"elementor-element elementor-element-9312d36 animated-slow elementor-invisible elementor-widget elementor-widget-heading\" data-id=\"9312d36\" data-element_type=\"widget\" data-e-type=\"widget\" data-settings=\"{&quot;_animation&quot;:&quot;fadeIn&quot;}\" data-widget_type=\"heading.default\">\n\t\t\t\t<div class=\"elementor-widget-container\">\n\t\t\t\t\t<h2 class=\"elementor-heading-title elementor-size-default\">Management Guide: So schreiben Sie eine Spezifikation f\u00fcr Ihr zuk\u00fcnftiges Management-Softwarepaket<\/h2>\t\t\t\t<\/div>\n\t\t\t\t<\/div>\n\t\t\t\t<div class=\"elementor-element elementor-element-04e50cc animated-slow elementor-invisible elementor-widget elementor-widget-text-editor\" data-id=\"04e50cc\" data-element_type=\"widget\" data-e-type=\"widget\" data-settings=\"{&quot;_animation&quot;:&quot;fadeIn&quot;}\" data-widget_type=\"text-editor.default\">\n\t\t\t\t<div class=\"elementor-widget-container\">\n\t\t\t\t\t\t\t\t\t<p>Die Entwicklung einer Spezifikation kann f\u00fcr einige m\u00fchsam sein. Wenn man jedoch bestimmte Regeln befolgt, kann dies eine ernsthafte Bereicherung f\u00fcr den Erfolg eines Projekts sein.<\/p>\n\t\t\t\t\t\t\t\t<\/div>\n\t\t\t\t<\/div>\n\t\t\t\t<div class=\"elementor-element elementor-element-f419756 animated-slow elementor-invisible elementor-widget elementor-widget-button\" data-id=\"f419756\" data-element_type=\"widget\" data-e-type=\"widget\" data-settings=\"{&quot;_animation&quot;:&quot;fadeIn&quot;}\" data-widget_type=\"button.default\">\n\t\t\t\t<div class=\"elementor-widget-container\">\n\t\t\t\t\t\t\t\t\t<div class=\"elementor-button-wrapper\">\n\t\t\t\t\t<a class=\"elementor-button elementor-button-link elementor-size-md\" href=\"https:\/\/waysup.ma\/wp-content\/uploads\/2018\/07\/Guide-R%C3%A9aliser-son-cahier-des-charges.pdf\" target=\"_blank\">\n\t\t\t\t\t\t<span class=\"elementor-button-content-wrapper\">\n\t\t\t\t\t\t\t\t\t<span class=\"elementor-button-text\">Download des Leitfadens<\/span>\n\t\t\t\t\t<\/span>\n\t\t\t\t\t<\/a>\n\t\t\t\t<\/div>\n\t\t\t\t\t\t\t\t<\/div>\n\t\t\t\t<\/div>\n\t\t\t\t\t<\/div>\n\t\t<\/div>\n\t\t\t\t\t<\/div>\n\t\t<\/section>\n\t\t\t\t<section class=\"elementor-section elementor-top-section elementor-element elementor-element-be4c23c elementor-section-boxed elementor-section-height-default elementor-section-height-default\" data-id=\"be4c23c\" data-element_type=\"section\" data-e-type=\"section\">\n\t\t\t\t\t\t<div class=\"elementor-container elementor-column-gap-default\">\n\t\t\t\t\t<div class=\"elementor-column elementor-col-50 elementor-top-column elementor-element elementor-element-0ae279c\" data-id=\"0ae279c\" data-element_type=\"column\" data-e-type=\"column\">\n\t\t\t<div class=\"elementor-widget-wrap elementor-element-populated\">\n\t\t\t\t\t\t<div class=\"elementor-element elementor-element-bfaab81 animated-slow elementor-invisible elementor-widget elementor-widget-image\" data-id=\"bfaab81\" data-element_type=\"widget\" data-e-type=\"widget\" data-settings=\"{&quot;_animation&quot;:&quot;fadeIn&quot;}\" data-widget_type=\"image.default\">\n\t\t\t\t<div class=\"elementor-widget-container\">\n\t\t\t\t\t\t\t\t\t\t\t\t\t\t\t<img decoding=\"async\" width=\"725\" height=\"1024\" src=\"https:\/\/waysup.ma\/wp-content\/uploads\/2019\/03\/livre-blanc-3-725x1024.jpg\" class=\"attachment-large size-large wp-image-9327\" alt=\"Wei\u00dfbuch\" srcset=\"https:\/\/waysup.ma\/wp-content\/uploads\/2019\/03\/livre-blanc-3-725x1024.jpg 725w, https:\/\/waysup.ma\/wp-content\/uploads\/2019\/03\/livre-blanc-3-212x300.jpg 212w, https:\/\/waysup.ma\/wp-content\/uploads\/2019\/03\/livre-blanc-3-768x1085.jpg 768w, https:\/\/waysup.ma\/wp-content\/uploads\/2019\/03\/livre-blanc-3.jpg 1024w\" sizes=\"(max-width: 725px) 100vw, 725px\" \/>\t\t\t\t\t\t\t\t\t\t\t\t\t\t\t<\/div>\n\t\t\t\t<\/div>\n\t\t\t\t\t<\/div>\n\t\t<\/div>\n\t\t\t\t<div class=\"elementor-column elementor-col-50 elementor-top-column elementor-element elementor-element-2fbb553\" data-id=\"2fbb553\" data-element_type=\"column\" data-e-type=\"column\">\n\t\t\t<div class=\"elementor-widget-wrap elementor-element-populated\">\n\t\t\t\t\t\t<div class=\"elementor-element elementor-element-5ec5319 animated-slow elementor-invisible elementor-widget elementor-widget-heading\" data-id=\"5ec5319\" data-element_type=\"widget\" data-e-type=\"widget\" data-settings=\"{&quot;_animation&quot;:&quot;fadeIn&quot;}\" data-widget_type=\"heading.default\">\n\t\t\t\t<div class=\"elementor-widget-container\">\n\t\t\t\t\t<h2 class=\"elementor-heading-title elementor-size-default\">Wei\u00dfbuch<\/h2>\t\t\t\t<\/div>\n\t\t\t\t<\/div>\n\t\t\t\t<div class=\"elementor-element elementor-element-1a4f60d animated-slow elementor-invisible elementor-widget elementor-widget-text-editor\" data-id=\"1a4f60d\" data-element_type=\"widget\" data-e-type=\"widget\" data-settings=\"{&quot;_animation&quot;:&quot;fadeIn&quot;}\" data-widget_type=\"text-editor.default\">\n\t\t\t\t<div class=\"elementor-widget-container\">\n\t\t\t\t\t\t\t\t\t<p>Wie k\u00f6nnen Sie Ihren Cashflow optimieren, indem Sie Rechnungen dematerialisieren?<\/p>\n<p>Januar 2019<\/p>\n\t\t\t\t\t\t\t\t<\/div>\n\t\t\t\t<\/div>\n\t\t\t\t<div class=\"elementor-element elementor-element-21ac789 animated-slow elementor-invisible elementor-widget elementor-widget-button\" data-id=\"21ac789\" data-element_type=\"widget\" data-e-type=\"widget\" data-settings=\"{&quot;_animation&quot;:&quot;fadeIn&quot;}\" data-widget_type=\"button.default\">\n\t\t\t\t<div class=\"elementor-widget-container\">\n\t\t\t\t\t\t\t\t\t<div class=\"elementor-button-wrapper\">\n\t\t\t\t\t<a class=\"elementor-button elementor-button-link elementor-size-md\" href=\"https:\/\/waysup.ma\/wp-content\/uploads\/2019\/03\/livre-blanc-3.pdf\" target=\"_blank\">\n\t\t\t\t\t\t<span class=\"elementor-button-content-wrapper\">\n\t\t\t\t\t\t\t\t\t<span class=\"elementor-button-text\">Download des Leitfadens<\/span>\n\t\t\t\t\t<\/span>\n\t\t\t\t\t<\/a>\n\t\t\t\t<\/div>\n\t\t\t\t\t\t\t\t<\/div>\n\t\t\t\t<\/div>\n\t\t\t\t\t<\/div>\n\t\t<\/div>\n\t\t\t\t\t<\/div>\n\t\t<\/section>\n\t\t\t\t<section class=\"elementor-section elementor-top-section elementor-element elementor-element-63e299e elementor-section-boxed elementor-section-height-default elementor-section-height-default\" data-id=\"63e299e\" data-element_type=\"section\" data-e-type=\"section\">\n\t\t\t\t\t\t<div class=\"elementor-container elementor-column-gap-default\">\n\t\t\t\t\t<div class=\"elementor-column elementor-col-50 elementor-top-column elementor-element elementor-element-b5929cf\" data-id=\"b5929cf\" data-element_type=\"column\" data-e-type=\"column\">\n\t\t\t<div class=\"elementor-widget-wrap elementor-element-populated\">\n\t\t\t\t\t\t<div class=\"elementor-element elementor-element-c8e4243 animated-slow elementor-invisible elementor-widget elementor-widget-image\" data-id=\"c8e4243\" data-element_type=\"widget\" data-e-type=\"widget\" data-settings=\"{&quot;_animation&quot;:&quot;fadeIn&quot;}\" data-widget_type=\"image.default\">\n\t\t\t\t<div class=\"elementor-widget-container\">\n\t\t\t\t\t\t\t\t\t\t\t\t\t\t\t<img decoding=\"async\" width=\"725\" height=\"1024\" src=\"https:\/\/waysup.ma\/wp-content\/uploads\/2019\/03\/livre-blanc-1-725x1024.jpg\" class=\"attachment-large size-large wp-image-9330\" alt=\"Wei\u00dfbuch\" srcset=\"https:\/\/waysup.ma\/wp-content\/uploads\/2019\/03\/livre-blanc-1-725x1024.jpg 725w, https:\/\/waysup.ma\/wp-content\/uploads\/2019\/03\/livre-blanc-1-212x300.jpg 212w, https:\/\/waysup.ma\/wp-content\/uploads\/2019\/03\/livre-blanc-1-768x1085.jpg 768w, https:\/\/waysup.ma\/wp-content\/uploads\/2019\/03\/livre-blanc-1.jpg 1024w\" sizes=\"(max-width: 725px) 100vw, 725px\" \/>\t\t\t\t\t\t\t\t\t\t\t\t\t\t\t<\/div>\n\t\t\t\t<\/div>\n\t\t\t\t\t<\/div>\n\t\t<\/div>\n\t\t\t\t<div class=\"elementor-column elementor-col-50 elementor-top-column elementor-element elementor-element-74a2b01\" data-id=\"74a2b01\" data-element_type=\"column\" data-e-type=\"column\">\n\t\t\t<div class=\"elementor-widget-wrap elementor-element-populated\">\n\t\t\t\t\t\t<div class=\"elementor-element elementor-element-9cf9644 animated-slow elementor-invisible elementor-widget elementor-widget-heading\" data-id=\"9cf9644\" data-element_type=\"widget\" data-e-type=\"widget\" data-settings=\"{&quot;_animation&quot;:&quot;fadeIn&quot;}\" data-widget_type=\"heading.default\">\n\t\t\t\t<div class=\"elementor-widget-container\">\n\t\t\t\t\t<h2 class=\"elementor-heading-title elementor-size-default\">Wei\u00dfbuch<\/h2>\t\t\t\t<\/div>\n\t\t\t\t<\/div>\n\t\t\t\t<div class=\"elementor-element elementor-element-8329c2d animated-slow elementor-invisible elementor-widget elementor-widget-text-editor\" data-id=\"8329c2d\" data-element_type=\"widget\" data-e-type=\"widget\" data-settings=\"{&quot;_animation&quot;:&quot;fadeIn&quot;}\" data-widget_type=\"text-editor.default\">\n\t\t\t\t<div class=\"elementor-widget-container\">\n\t\t\t\t\t\t\t\t\t<p>Business Management 5 Funktionen, die den Unterschied machen<\/p>\n<p>November 2018<\/p>\n\t\t\t\t\t\t\t\t<\/div>\n\t\t\t\t<\/div>\n\t\t\t\t<div class=\"elementor-element elementor-element-12234a1 animated-slow elementor-invisible elementor-widget elementor-widget-button\" data-id=\"12234a1\" data-element_type=\"widget\" data-e-type=\"widget\" data-settings=\"{&quot;_animation&quot;:&quot;fadeIn&quot;}\" data-widget_type=\"button.default\">\n\t\t\t\t<div class=\"elementor-widget-container\">\n\t\t\t\t\t\t\t\t\t<div class=\"elementor-button-wrapper\">\n\t\t\t\t\t<a class=\"elementor-button elementor-button-link elementor-size-md\" href=\"https:\/\/waysup.ma\/wp-content\/uploads\/2019\/03\/livre-blanc-1.pdf\" target=\"_blank\">\n\t\t\t\t\t\t<span class=\"elementor-button-content-wrapper\">\n\t\t\t\t\t\t\t\t\t<span class=\"elementor-button-text\">Download des Leitfadens<\/span>\n\t\t\t\t\t<\/span>\n\t\t\t\t\t<\/a>\n\t\t\t\t<\/div>\n\t\t\t\t\t\t\t\t<\/div>\n\t\t\t\t<\/div>\n\t\t\t\t\t<\/div>\n\t\t<\/div>\n\t\t\t\t\t<\/div>\n\t\t<\/section>\n\t\t\t\t<\/div>\n\t\t","protected":false},"excerpt":{"rendered":"<p>Bibliothek Management Guide: So schreiben Sie eine Spezifikation f\u00fcr Ihr zuk\u00fcnftiges Management-Softwarepaket Die Entwicklung einer Spezifikation kann f\u00fcr einige m\u00fchsam sein. Wenn man jedoch bestimmte Regeln befolgt, kann dies eine ernsthafte Bereicherung f\u00fcr den Erfolg eines Projekts sein. Download des Leitfadens Wei\u00dfbuch Wie k\u00f6nnen Sie Ihren Cashflow optimieren, indem Sie Rechnungen dematerialisieren? Januar 2019 Download [&hellip;]<\/p>\n","protected":false},"author":1,"featured_media":9333,"parent":0,"menu_order":0,"comment_status":"closed","ping_status":"closed","template":"elementor_header_footer","meta":{"footnotes":""},"yst_prominent_words":[1417,1391,973,1294,1434,739,1594,1290],"class_list":["post-9317","page","type-page","status-publish","has-post-thumbnail","hentry"],"_links":{"self":[{"href":"https:\/\/waysup.ma\/de\/wp-json\/wp\/v2\/pages\/9317","targetHints":{"allow":["GET"]}}],"collection":[{"href":"https:\/\/waysup.ma\/de\/wp-json\/wp\/v2\/pages"}],"about":[{"href":"https:\/\/waysup.ma\/de\/wp-json\/wp\/v2\/types\/page"}],"author":[{"embeddable":true,"href":"https:\/\/waysup.ma\/de\/wp-json\/wp\/v2\/users\/1"}],"replies":[{"embeddable":true,"href":"https:\/\/waysup.ma\/de\/wp-json\/wp\/v2\/comments?post=9317"}],"version-history":[{"count":6,"href":"https:\/\/waysup.ma\/de\/wp-json\/wp\/v2\/pages\/9317\/revisions"}],"predecessor-version":[{"id":20933,"href":"https:\/\/waysup.ma\/de\/wp-json\/wp\/v2\/pages\/9317\/revisions\/20933"}],"wp:featuredmedia":[{"embeddable":true,"href":"https:\/\/waysup.ma\/de\/wp-json\/wp\/v2\/media\/9333"}],"wp:attachment":[{"href":"https:\/\/waysup.ma\/de\/wp-json\/wp\/v2\/media?parent=9317"}],"wp:term":[{"taxonomy":"yst_prominent_words","embeddable":true,"href":"https:\/\/waysup.ma\/de\/wp-json\/wp\/v2\/yst_prominent_words?post=9317"}],"curies":[{"name":"wp","href":"https:\/\/api.w.org\/{rel}","templated":true}]}}